{"id":52098,"date":"2024-11-17T21:00:33","date_gmt":"2024-11-17T21:00:33","guid":{"rendered":"https:\/\/www.macmillaneducation.es\/iberia\/?page_id=52098"},"modified":"2024-11-25T12:36:48","modified_gmt":"2024-11-25T12:36:48","slug":"formulario-inclusion","status":"publish","type":"page","link":"https:\/\/www.macmillaneducation.es\/iberia\/formulario-inclusion\/","title":{"rendered":"FORMULARIO INCLUSI\u00d3N"},"content":{"rendered":"\t\t<div data-elementor-type=\"wp-page\" data-elementor-id=\"52098\" class=\"elementor elementor-52098\" data-elementor-settings=\"[]\">\n\t\t\t\t\t\t<div class=\"elementor-inner\">\n\t\t\t\t\t\t\t<div class=\"elementor-section-wrap\">\n\t\t\t\t\t\t\t<section class=\"elementor-section elementor-top-section elementor-element elementor-element-51357df elementor-hidden-tablet elementor-section-boxed elementor-section-height-default elementor-section-height-default parallax_section_no qode_elementor_container_no\" data-id=\"51357df\" data-element_type=\"section\">\n\t\t\t\t\t\t<div class=\"elementor-container elementor-column-gap-default\">\n\t\t\t\t\t\t\t<div class=\"elementor-row\">\n\t\t\t\t\t<div class=\"elementor-column elementor-col-100 elementor-top-column elementor-element elementor-element-bfc0cfe\" data-id=\"bfc0cfe\" data-element_type=\"column\">\n\t\t\t<div class=\"elementor-column-wrap\">\n\t\t\t\t\t\t\t<div class=\"elementor-widget-wrap\">\n\t\t\t\t\t\t\t\t<\/div>\n\t\t\t\t\t<\/div>\n\t\t<\/div>\n\t\t\t\t\t\t\t\t<\/div>\n\t\t\t\t\t<\/div>\n\t\t<\/section>\n\t\t\t\t<section class=\"elementor-section elementor-top-section elementor-element elementor-element-cc3e7ed elementor-section-height-min-height elementor-section-items-top elementor-section-boxed elementor-section-height-default parallax_section_no qode_elementor_container_no\" data-id=\"cc3e7ed\" data-element_type=\"section\" data-settings=\"{&quot;background_background&quot;:&quot;classic&quot;}\">\n\t\t\t\t\t\t<div class=\"elementor-container elementor-column-gap-default\">\n\t\t\t\t\t\t\t<div class=\"elementor-row\">\n\t\t\t\t\t<div class=\"elementor-column elementor-col-50 elementor-top-column elementor-element elementor-element-1a0234b elementor-invisible\" data-id=\"1a0234b\" data-element_type=\"column\" data-settings=\"{&quot;animation&quot;:&quot;fadeInUp&quot;}\">\n\t\t\t<div class=\"elementor-column-wrap elementor-element-populated\">\n\t\t\t\t\t\t\t<div class=\"elementor-widget-wrap\">\n\t\t\t\t\t\t<div class=\"elementor-element elementor-element-a7726b1 elementor-widget elementor-widget-heading\" data-id=\"a7726b1\" data-element_type=\"widget\" data-widget_type=\"heading.default\">\n\t\t\t\t<div class=\"elementor-widget-container\">\n\t\t\t<h1 class=\"elementor-heading-title elementor-size-default\">CONSTRUYENDO FUTURO con INCLUSI\u00d3N<\/h1>\t\t<\/div>\n\t\t\t\t<\/div>\n\t\t\t\t<div class=\"elementor-element elementor-element-01c327c elementor-widget elementor-widget-heading\" data-id=\"01c327c\" data-element_type=\"widget\" data-widget_type=\"heading.default\">\n\t\t\t\t<div class=\"elementor-widget-container\">\n\t\t\t<h2 class=\"elementor-heading-title elementor-size-default\">Por una educaci\u00f3n accesible<\/h2>\t\t<\/div>\n\t\t\t\t<\/div>\n\t\t\t\t<div class=\"elementor-element elementor-element-85458fd elementor-widget elementor-widget-text-editor\" data-id=\"85458fd\" data-element_type=\"widget\" data-widget_type=\"text-editor.default\">\n\t\t\t\t<div class=\"elementor-widget-container\">\n\t\t\t\t\t\t\t\t<div class=\"elementor-text-editor elementor-clearfix\">\n\t\t\t\t\t<p>Una educaci\u00f3n inclusiva atiende a la diversidad del alumnado, creando un entorno que promueve su desarrollo acad\u00e9mico y emocional.<\/p>\t\t\t\t\t<\/div>\n\t\t\t\t\t\t<\/div>\n\t\t\t\t<\/div>\n\t\t\t\t\t\t<\/div>\n\t\t\t\t\t<\/div>\n\t\t<\/div>\n\t\t\t\t<div class=\"elementor-column elementor-col-50 elementor-top-column elementor-element elementor-element-b8ee46d\" data-id=\"b8ee46d\" data-element_type=\"column\">\n\t\t\t<div class=\"elementor-column-wrap\">\n\t\t\t\t\t\t\t<div class=\"elementor-widget-wrap\">\n\t\t\t\t\t\t\t\t<\/div>\n\t\t\t\t\t<\/div>\n\t\t<\/div>\n\t\t\t\t\t\t\t\t<\/div>\n\t\t\t\t\t<\/div>\n\t\t<\/section>\n\t\t\t\t<section class=\"elementor-section elementor-top-section elementor-element elementor-element-5600caf elementor-section-boxed elementor-section-height-default elementor-section-height-default parallax_section_no qode_elementor_container_no elementor-invisible\" data-id=\"5600caf\" data-element_type=\"section\" data-settings=\"{&quot;animation&quot;:&quot;slideInUp&quot;}\">\n\t\t\t\t\t\t<div class=\"elementor-container elementor-column-gap-default\">\n\t\t\t\t\t\t\t<div class=\"elementor-row\">\n\t\t\t\t\t<div class=\"elementor-column elementor-col-100 elementor-top-column elementor-element elementor-element-e7d67bd\" data-id=\"e7d67bd\" data-element_type=\"column\" data-settings=\"{&quot;background_background&quot;:&quot;classic&quot;}\">\n\t\t\t<div class=\"elementor-column-wrap elementor-element-populated\">\n\t\t\t\t\t\t\t<div class=\"elementor-widget-wrap\">\n\t\t\t\t\t\t<div class=\"elementor-element elementor-element-bc90da1 elementor-widget elementor-widget-heading\" data-id=\"bc90da1\" data-element_type=\"widget\" data-widget_type=\"heading.default\">\n\t\t\t\t<div class=\"elementor-widget-container\">\n\t\t\t<h2 class=\"elementor-heading-title elementor-size-default\">Construyendo Futuro con Inclusi\u00f3n: Reg\u00edstrate y s\u00e9 parte del cambio!<\/h2>\t\t<\/div>\n\t\t\t\t<\/div>\n\t\t\t\t<div class=\"elementor-element elementor-element-808643b elementor-widget elementor-widget-html\" data-id=\"808643b\" data-element_type=\"widget\" data-widget_type=\"html.default\">\n\t\t\t\t<div class=\"elementor-widget-container\">\n\t\t\t<div id=\"mc_embed_shell\">\r\n      <link href=\"\/\/cdn-images.mailchimp.com\/embedcode\/classic-061523.css\" rel=\"stylesheet\" type=\"text\/css\">\r\n  <style type=\"text\/css\">\r\n        #mc_embed_signup{background:#fff; false;clear:left; font:14px Helvetica,Arial,sans-serif; width: 600px;}\r\n        \/* Add your own Mailchimp form style overrides in your site stylesheet or in this style block.\r\n           We recommend moving this block and the preceding CSS link to the HEAD of your HTML file. *\/\r\n<\/style><style type=\"text\/css\">\r\n        #mc-embedded-subscribe-form input[type=checkbox]{display: inline; width: auto;margin-right: 10px;}\r\n#mergeRow-gdpr {margin-top: 20px;}\r\n#mergeRow-gdpr fieldset label {font-weight: normal;}\r\n#mc-embedded-subscribe-form .mc_fieldset{border:none;min-height: 0px;padding-bottom:0px;}\r\n<\/style>\r\n<div id=\"mc_embed_signup\">\r\n    <form action=\"https:\/\/macmillaneducation.us13.list-manage.com\/subscribe\/post?u=ae5f63190e34fe9bdd15c6913&amp;id=7012a8a20a&amp;v_id=90&amp;f_id=00c666e1f0\" method=\"post\" id=\"mc-embedded-subscribe-form\" name=\"mc-embedded-subscribe-form\" class=\"validate\" target=\"_blank\">\r\n        <div id=\"mc_embed_signup_scroll\"><h2>Construyendo Futuro con Inclusi\u00f3n<\/h2>\r\n            <div class=\"indicates-required\"><span class=\"asterisk\">*<\/span> indica que es obligatorio<\/div>\r\n            <div class=\"mc-field-group\"><label for=\"mce-EMAIL\">Email Address <span class=\"asterisk\">*<\/span><\/label><input type=\"email\" name=\"EMAIL\" class=\"required email\" id=\"mce-EMAIL\" required=\"\" value=\"\"><\/div><div class=\"mc-field-group\"><label for=\"mce-FNAME\">Nombre <span class=\"asterisk\">*<\/span><\/label><input type=\"text\" name=\"FNAME\" class=\"required text\" id=\"mce-FNAME\" value=\"\" required=\"\"><\/div><div class=\"mc-field-group\"><label for=\"mce-LNAME\">Apellido <span class=\"asterisk\">*<\/span><\/label><input type=\"text\" name=\"LNAME\" class=\"required text\" id=\"mce-LNAME\" value=\"\" required=\"\"><\/div><div class=\"mc-field-group\"><label for=\"mce-MMERGE22\">Centro Educativo <span class=\"asterisk\">*<\/span><\/label><input type=\"text\" name=\"MMERGE22\" class=\"required text\" id=\"mce-MMERGE22\" value=\"\" required=\"\"><\/div><div class=\"mc-field-group\"><label for=\"mce-MMERGE4\">C\u00f3digo Postal <span class=\"asterisk\">*<\/span><\/label><input type=\"text\" name=\"MMERGE4\" class=\"required text\" id=\"mce-MMERGE4\" value=\"\" required=\"\"><\/div><div class=\"mc-field-group\"><label for=\"mce-MMERGE25\">Provincia <span class=\"asterisk\">*<\/span><\/label><input type=\"text\" name=\"MMERGE25\" class=\"required text\" id=\"mce-MMERGE25\" value=\"\" required=\"\"><\/div><div class=\"mc-field-group\"><label for=\"mce-MMERGE8\">Poblaci\u00f3n <span class=\"asterisk\">*<\/span><\/label><input type=\"text\" name=\"MMERGE8\" class=\"required text\" id=\"mce-MMERGE8\" value=\"\" required=\"\"><\/div><div class=\"mc-field-group\"><label for=\"mce-MMERGE7\">Cargo en el centro <span class=\"asterisk\">*<\/span><\/label><input type=\"text\" name=\"MMERGE7\" class=\"required text\" id=\"mce-MMERGE7\" value=\"\" required=\"\"><\/div><div id=\"mergeRow-gdpr\" class=\"mergeRow gdpr-mergeRow content__gdprBlock mc-field-group\"><div class=\"content__gdpr\"><label>Marketing Permissions<\/label><p>Please select all the ways you would like to hear from Macmillan Iberia, S.A.U.:<\/p><fieldset class=\"mc_fieldset gdprRequired mc-field-group\" name=\"interestgroup_field\"><label class=\"checkbox subfield\" for=\"gdpr13\"><input type=\"checkbox\" id=\"gdpr_13\" name=\"gdpr[13]\" class=\"gdpr\" value=\"Y\"><span>Email<\/span><\/label><\/fieldset><p>La informaci\u00f3n personal que nos proporciona es muy importante para nosotros. En este caso, recopilamos y utilizamos datos personales para ayudarle a ofrecer una respuesta a su consulta. Tambi\u00e9n podemos utilizar estos datos personales internamente dentro de Macmillan Education. En caso contrario, no divulgaremos sus datos fuera del grupo a menos que tengamos su permiso como se detalla en nuestra Pol\u00edtica de privacidad. He le\u00eddo y acepto la Pol\u00edtica de Privacidad https:\/\/www.macmillaneducation.es\/politica-de-privacidad-de-formularios\/<\/p><\/div><div class=\"content__gdprLegal\"><p>We use Mailchimp as our marketing platform. By clicking below to subscribe, you acknowledge that your information will be transferred to Mailchimp for processing. <a href=\"https:\/\/mailchimp.com\/legal\/terms\">Learn more<\/a> about Mailchimp's privacy practices.<\/p><\/div><\/div>\r\n<div hidden=\"\"><input type=\"hidden\" name=\"tags\" value=\"4394895\"><\/div>\r\n        <div id=\"mce-responses\" class=\"clear\">\r\n            <div class=\"response\" id=\"mce-error-response\" style=\"display: none;\"><\/div>\r\n            <div class=\"response\" id=\"mce-success-response\" style=\"display: none;\"><\/div>\r\n        <\/div><div aria-hidden=\"true\" style=\"position: absolute; left: -5000px;\"><input type=\"text\" name=\"b_ae5f63190e34fe9bdd15c6913_7012a8a20a\" tabindex=\"-1\" value=\"\"><\/div><div class=\"clear\"><input type=\"submit\" name=\"subscribe\" id=\"mc-embedded-subscribe\" class=\"button\" value=\"Subscribe\"><\/div>\r\n    <\/div>\r\n<\/form>\r\n<\/div>\r\n<script type=\"text\/javascript\" src=\"\/\/s3.amazonaws.com\/downloads.mailchimp.com\/js\/mc-validate.js\"><\/script><script type=\"text\/javascript\">(function($) {window.fnames = new Array(); window.ftypes = new Array();fnames[0]='EMAIL';ftypes[0]='email';fnames[1]='FNAME';ftypes[1]='text';fnames[2]='LNAME';ftypes[2]='text';fnames[22]='MMERGE22';ftypes[22]='text';fnames[4]='MMERGE4';ftypes[4]='text';fnames[25]='MMERGE25';ftypes[25]='text';fnames[8]='MMERGE8';ftypes[8]='text';fnames[7]='MMERGE7';ftypes[7]='text';fnames[16]='MMERGE16';ftypes[16]='text';fnames[15]='MMERGE15';ftypes[15]='text';fnames[13]='MMERGE13';ftypes[13]='text';fnames[11]='MMERGE11';ftypes[11]='text';fnames[10]='MMERGE10';ftypes[10]='dropdown';fnames[9]='MMERGE9';ftypes[9]='text';fnames[6]='MMERGE6';ftypes[6]='text';fnames[14]='MMERGE14';ftypes[14]='text';fnames[5]='MMERGE5';ftypes[5]='text';fnames[3]='MMERGE3';ftypes[3]='text';fnames[12]='MMERGE12';ftypes[12]='text';fnames[30]='MMERGE30';ftypes[30]='text';fnames[29]='MMERGE29';ftypes[29]='text';fnames[28]='MMERGE28';ftypes[28]='text';fnames[27]='MMERGE27';ftypes[27]='text';fnames[26]='MMERGE26';ftypes[26]='text';fnames[24]='MMERGE24';ftypes[24]='text';fnames[17]='MMERGE17';ftypes[17]='text';}(jQuery));var $mcj = jQuery.noConflict(true);<\/script><\/div>\r\n\t\t<\/div>\n\t\t\t\t<\/div>\n\t\t\t\t\t\t<\/div>\n\t\t\t\t\t<\/div>\n\t\t<\/div>\n\t\t\t\t\t\t\t\t<\/div>\n\t\t\t\t\t<\/div>\n\t\t<\/section>\n\t\t\t\t\t\t<\/div>\n\t\t\t\t\t\t<\/div>\n\t\t\t\t\t<\/div>\n\t\t","protected":false},"excerpt":{"rendered":"<p>CONSTRUYENDO FUTURO con INCLUSI\u00d3N Por una educaci\u00f3n accesible Una educaci\u00f3n inclusiva atiende a la diversidad del alumnado, creando un entorno que promueve su desarrollo acad\u00e9mico y emocional. Construyendo Futuro con Inclusi\u00f3n: Reg\u00edstrate y s\u00e9 parte del cambio! Construyendo Futuro con Inclusi\u00f3n * indica que es&#8230;<\/p>\n","protected":false},"author":1,"featured_media":0,"parent":0,"menu_order":1,"comment_status":"open","ping_status":"closed","template":"full_width.php","meta":[],"_links":{"self":[{"href":"https:\/\/www.macmillaneducation.es\/iberia\/wp-json\/wp\/v2\/pages\/52098"}],"collection":[{"href":"https:\/\/www.macmillaneducation.es\/iberia\/wp-json\/wp\/v2\/pages"}],"about":[{"href":"https:\/\/www.macmillaneducation.es\/iberia\/wp-json\/wp\/v2\/types\/page"}],"author":[{"embeddable":true,"href":"https:\/\/www.macmillaneducation.es\/iberia\/wp-json\/wp\/v2\/users\/1"}],"replies":[{"embeddable":true,"href":"https:\/\/www.macmillaneducation.es\/iberia\/wp-json\/wp\/v2\/comments?post=52098"}],"version-history":[{"count":7,"href":"https:\/\/www.macmillaneducation.es\/iberia\/wp-json\/wp\/v2\/pages\/52098\/revisions"}],"predecessor-version":[{"id":52349,"href":"https:\/\/www.macmillaneducation.es\/iberia\/wp-json\/wp\/v2\/pages\/52098\/revisions\/52349"}],"wp:attachment":[{"href":"https:\/\/www.macmillaneducation.es\/iberia\/wp-json\/wp\/v2\/media?parent=52098"}],"curies":[{"name":"wp","href":"https:\/\/api.w.org\/{rel}","templated":true}]}}