{"id":34792,"date":"2022-05-19T15:23:29","date_gmt":"2022-05-19T15:23:29","guid":{"rendered":"https:\/\/www.macmillaneducation.es\/iberia\/?page_id=34792"},"modified":"2023-01-13T09:05:05","modified_gmt":"2023-01-13T09:05:05","slug":"recursos-frances","status":"publish","type":"page","link":"https:\/\/www.macmillaneducation.es\/iberia\/ods\/recursos-frances\/","title":{"rendered":"Recursos frances"},"content":{"rendered":"\t\t<div data-elementor-type=\"wp-page\" data-elementor-id=\"34792\" class=\"elementor elementor-34792\" data-elementor-settings=\"[]\">\n\t\t\t\t\t\t<div class=\"elementor-inner\">\n\t\t\t\t\t\t\t<div class=\"elementor-section-wrap\">\n\t\t\t\t\t\t\t<section class=\"elementor-section elementor-top-section elementor-element elementor-element-277d80b elementor-section-boxed elementor-section-height-default elementor-section-height-default parallax_section_no qode_elementor_container_no\" data-id=\"277d80b\" data-element_type=\"section\">\n\t\t\t\t\t\t<div class=\"elementor-container elementor-column-gap-default\">\n\t\t\t\t\t\t\t<div class=\"elementor-row\">\n\t\t\t\t\t<div class=\"elementor-column elementor-col-100 elementor-top-column elementor-element elementor-element-6f56798\" data-id=\"6f56798\" data-element_type=\"column\">\n\t\t\t<div class=\"elementor-column-wrap elementor-element-populated\">\n\t\t\t\t\t\t\t<div class=\"elementor-widget-wrap\">\n\t\t\t\t\t\t<div class=\"elementor-element elementor-element-5303224 elementor-widget elementor-widget-image\" data-id=\"5303224\" data-element_type=\"widget\" data-widget_type=\"image.default\">\n\t\t\t\t<div class=\"elementor-widget-container\">\n\t\t\t\t\t\t\t\t<div class=\"elementor-image\">\n\t\t\t\t\t\t\t\t\t\t\t\t<img width=\"800\" height=\"300\" src=\"https:\/\/www.macmillaneducation.es\/iberia\/wp-content\/uploads\/2022\/05\/banner_recursos_frances-1.png\" class=\"attachment-large size-large\" alt=\"\" loading=\"lazy\" srcset=\"https:\/\/www.macmillaneducation.es\/iberia\/wp-content\/uploads\/2022\/05\/banner_recursos_frances-1.png 800w, https:\/\/www.macmillaneducation.es\/iberia\/wp-content\/uploads\/2022\/05\/banner_recursos_frances-1-300x113.png 300w, https:\/\/www.macmillaneducation.es\/iberia\/wp-content\/uploads\/2022\/05\/banner_recursos_frances-1-768x288.png 768w, https:\/\/www.macmillaneducation.es\/iberia\/wp-content\/uploads\/2022\/05\/banner_recursos_frances-1-700x263.png 700w, https:\/\/www.macmillaneducation.es\/iberia\/wp-content\/uploads\/2022\/05\/banner_recursos_frances-1-600x225.png 600w\" sizes=\"(max-width: 800px) 100vw, 800px\" \/>\t\t\t\t\t\t\t\t\t\t\t\t\t\t<\/div>\n\t\t\t\t\t\t<\/div>\n\t\t\t\t<\/div>\n\t\t\t\t<div class=\"elementor-element elementor-element-3a711ce elementor-widget elementor-widget-text-editor\" data-id=\"3a711ce\" data-element_type=\"widget\" data-widget_type=\"text-editor.default\">\n\t\t\t\t<div class=\"elementor-widget-container\">\n\t\t\t\t\t\t\t\t<div class=\"elementor-text-editor elementor-clearfix\">\n\t\t\t\t\t<h4 style=\"text-align: center;\">Chez <strong>Macmillan Education<\/strong>, nous mettons \u00e0 votre disposition une s\u00e9rie de mat\u00e9riel p\u00e9dagogique pour vous aider \u00e0 travailler sur les <strong>ODD<\/strong> en classe.<\/h4><h4 style=\"text-align: center;\">Vous pouvez les t\u00e9l\u00e9charger en cliquant sur les ic\u00f4nes suivantes :<\/h4>\t\t\t\t\t<\/div>\n\t\t\t\t\t\t<\/div>\n\t\t\t\t<\/div>\n\t\t\t\t<section class=\"elementor-section elementor-inner-section elementor-element elementor-element-02da399 elementor-section-boxed elementor-section-height-default elementor-section-height-default parallax_section_no qode_elementor_container_no\" data-id=\"02da399\" data-element_type=\"section\">\n\t\t\t\t\t\t<div class=\"elementor-container elementor-column-gap-custom\">\n\t\t\t\t\t\t\t<div class=\"elementor-row\">\n\t\t\t\t\t<div class=\"elementor-column elementor-col-33 elementor-inner-column elementor-element elementor-element-928b11e\" data-id=\"928b11e\" data-element_type=\"column\">\n\t\t\t<div class=\"elementor-column-wrap elementor-element-populated\">\n\t\t\t\t\t\t\t<div class=\"elementor-widget-wrap\">\n\t\t\t\t\t\t<div class=\"elementor-element elementor-element-b85b6ec elementor-widget elementor-widget-image\" data-id=\"b85b6ec\" data-element_type=\"widget\" data-widget_type=\"image.default\">\n\t\t\t\t<div class=\"elementor-widget-container\">\n\t\t\t\t\t\t\t\t<div class=\"elementor-image\">\n\t\t\t\t\t\t\t\t\t\t\t\t\t<a href=\"https:\/\/www.macmillaneducation.es\/iberia\/ods\/recursos-castellano\/a1-katja-fr\/\" target=\"_blank\">\n\t\t\t\t\t\t\t<img width=\"800\" height=\"800\" src=\"https:\/\/www.macmillaneducation.es\/iberia\/wp-content\/uploads\/2022\/06\/a1plus_KATJA_cuadrado.png\" class=\"elementor-animation-shrink attachment-large size-large\" alt=\"\" loading=\"lazy\" srcset=\"https:\/\/www.macmillaneducation.es\/iberia\/wp-content\/uploads\/2022\/06\/a1plus_KATJA_cuadrado.png 800w, https:\/\/www.macmillaneducation.es\/iberia\/wp-content\/uploads\/2022\/06\/a1plus_KATJA_cuadrado-300x300.png 300w, https:\/\/www.macmillaneducation.es\/iberia\/wp-content\/uploads\/2022\/06\/a1plus_KATJA_cuadrado-150x150.png 150w, https:\/\/www.macmillaneducation.es\/iberia\/wp-content\/uploads\/2022\/06\/a1plus_KATJA_cuadrado-768x768.png 768w, https:\/\/www.macmillaneducation.es\/iberia\/wp-content\/uploads\/2022\/06\/a1plus_KATJA_cuadrado-570x570.png 570w, https:\/\/www.macmillaneducation.es\/iberia\/wp-content\/uploads\/2022\/06\/a1plus_KATJA_cuadrado-500x500.png 500w, https:\/\/www.macmillaneducation.es\/iberia\/wp-content\/uploads\/2022\/06\/a1plus_KATJA_cuadrado-700x700.png 700w, https:\/\/www.macmillaneducation.es\/iberia\/wp-content\/uploads\/2022\/06\/a1plus_KATJA_cuadrado-600x600.png 600w, https:\/\/www.macmillaneducation.es\/iberia\/wp-content\/uploads\/2022\/06\/a1plus_KATJA_cuadrado-100x100.png 100w\" sizes=\"(max-width: 800px) 100vw, 800px\" \/>\t\t\t\t\t\t\t\t<\/a>\n\t\t\t\t\t\t\t\t\t\t\t\t\t\t<\/div>\n\t\t\t\t\t\t<\/div>\n\t\t\t\t<\/div>\n\t\t\t\t\t\t<\/div>\n\t\t\t\t\t<\/div>\n\t\t<\/div>\n\t\t\t\t<div class=\"elementor-column elementor-col-33 elementor-inner-column elementor-element elementor-element-dfe4aaf\" data-id=\"dfe4aaf\" data-element_type=\"column\">\n\t\t\t<div class=\"elementor-column-wrap elementor-element-populated\">\n\t\t\t\t\t\t\t<div class=\"elementor-widget-wrap\">\n\t\t\t\t\t\t<div class=\"elementor-element elementor-element-5cbca95 elementor-widget elementor-widget-image\" data-id=\"5cbca95\" data-element_type=\"widget\" data-widget_type=\"image.default\">\n\t\t\t\t<div class=\"elementor-widget-container\">\n\t\t\t\t\t\t\t\t<div class=\"elementor-image\">\n\t\t\t\t\t\t\t\t\t\t\t\t\t<a href=\"https:\/\/www.macmillaneducation.es\/iberia\/ods\/recursos-castellano\/a2-black-friday-fr\/\" target=\"_blank\">\n\t\t\t\t\t\t\t<img width=\"800\" height=\"800\" src=\"https:\/\/www.macmillaneducation.es\/iberia\/wp-content\/uploads\/2022\/06\/a2_cuadrado.png\" class=\"elementor-animation-shrink attachment-large size-large\" alt=\"\" loading=\"lazy\" srcset=\"https:\/\/www.macmillaneducation.es\/iberia\/wp-content\/uploads\/2022\/06\/a2_cuadrado.png 800w, https:\/\/www.macmillaneducation.es\/iberia\/wp-content\/uploads\/2022\/06\/a2_cuadrado-300x300.png 300w, https:\/\/www.macmillaneducation.es\/iberia\/wp-content\/uploads\/2022\/06\/a2_cuadrado-150x150.png 150w, https:\/\/www.macmillaneducation.es\/iberia\/wp-content\/uploads\/2022\/06\/a2_cuadrado-768x768.png 768w, https:\/\/www.macmillaneducation.es\/iberia\/wp-content\/uploads\/2022\/06\/a2_cuadrado-570x570.png 570w, https:\/\/www.macmillaneducation.es\/iberia\/wp-content\/uploads\/2022\/06\/a2_cuadrado-500x500.png 500w, https:\/\/www.macmillaneducation.es\/iberia\/wp-content\/uploads\/2022\/06\/a2_cuadrado-700x700.png 700w, https:\/\/www.macmillaneducation.es\/iberia\/wp-content\/uploads\/2022\/06\/a2_cuadrado-600x600.png 600w, https:\/\/www.macmillaneducation.es\/iberia\/wp-content\/uploads\/2022\/06\/a2_cuadrado-100x100.png 100w\" sizes=\"(max-width: 800px) 100vw, 800px\" \/>\t\t\t\t\t\t\t\t<\/a>\n\t\t\t\t\t\t\t\t\t\t\t\t\t\t<\/div>\n\t\t\t\t\t\t<\/div>\n\t\t\t\t<\/div>\n\t\t\t\t\t\t<\/div>\n\t\t\t\t\t<\/div>\n\t\t<\/div>\n\t\t\t\t<div class=\"elementor-column elementor-col-33 elementor-inner-column elementor-element elementor-element-f695dd6\" data-id=\"f695dd6\" data-element_type=\"column\">\n\t\t\t<div class=\"elementor-column-wrap elementor-element-populated\">\n\t\t\t\t\t\t\t<div class=\"elementor-widget-wrap\">\n\t\t\t\t\t\t<div class=\"elementor-element elementor-element-41274a1 elementor-widget elementor-widget-image\" data-id=\"41274a1\" data-element_type=\"widget\" data-widget_type=\"image.default\">\n\t\t\t\t<div class=\"elementor-widget-container\">\n\t\t\t\t\t\t\t\t<div class=\"elementor-image\">\n\t\t\t\t\t\t\t\t\t\t\t\t\t<a href=\"https:\/\/www.macmillaneducation.es\/iberia\/ods\/recursos-castellano\/a1-grete-fr\/\" target=\"_blank\">\n\t\t\t\t\t\t\t<img width=\"800\" height=\"800\" src=\"https:\/\/www.macmillaneducation.es\/iberia\/wp-content\/uploads\/2022\/06\/b1_AGUAcuadrado.png\" class=\"elementor-animation-shrink attachment-large size-large\" alt=\"\" loading=\"lazy\" srcset=\"https:\/\/www.macmillaneducation.es\/iberia\/wp-content\/uploads\/2022\/06\/b1_AGUAcuadrado.png 800w, https:\/\/www.macmillaneducation.es\/iberia\/wp-content\/uploads\/2022\/06\/b1_AGUAcuadrado-300x300.png 300w, https:\/\/www.macmillaneducation.es\/iberia\/wp-content\/uploads\/2022\/06\/b1_AGUAcuadrado-150x150.png 150w, https:\/\/www.macmillaneducation.es\/iberia\/wp-content\/uploads\/2022\/06\/b1_AGUAcuadrado-768x768.png 768w, https:\/\/www.macmillaneducation.es\/iberia\/wp-content\/uploads\/2022\/06\/b1_AGUAcuadrado-570x570.png 570w, https:\/\/www.macmillaneducation.es\/iberia\/wp-content\/uploads\/2022\/06\/b1_AGUAcuadrado-500x500.png 500w, https:\/\/www.macmillaneducation.es\/iberia\/wp-content\/uploads\/2022\/06\/b1_AGUAcuadrado-700x700.png 700w, https:\/\/www.macmillaneducation.es\/iberia\/wp-content\/uploads\/2022\/06\/b1_AGUAcuadrado-600x600.png 600w, https:\/\/www.macmillaneducation.es\/iberia\/wp-content\/uploads\/2022\/06\/b1_AGUAcuadrado-100x100.png 100w\" sizes=\"(max-width: 800px) 100vw, 800px\" \/>\t\t\t\t\t\t\t\t<\/a>\n\t\t\t\t\t\t\t\t\t\t\t\t\t\t<\/div>\n\t\t\t\t\t\t<\/div>\n\t\t\t\t<\/div>\n\t\t\t\t\t\t<\/div>\n\t\t\t\t\t<\/div>\n\t\t<\/div>\n\t\t\t\t\t\t\t\t<\/div>\n\t\t\t\t\t<\/div>\n\t\t<\/section>\n\t\t\t\t<div class=\"elementor-element elementor-element-0451dac elementor-widget elementor-widget-spacer\" data-id=\"0451dac\" data-element_type=\"widget\" data-widget_type=\"spacer.default\">\n\t\t\t\t<div class=\"elementor-widget-container\">\n\t\t\t\t\t<div class=\"elementor-spacer\">\n\t\t\t<div class=\"elementor-spacer-inner\"><\/div>\n\t\t<\/div>\n\t\t\t\t<\/div>\n\t\t\t\t<\/div>\n\t\t\t\t\t\t<\/div>\n\t\t\t\t\t<\/div>\n\t\t<\/div>\n\t\t\t\t\t\t\t\t<\/div>\n\t\t\t\t\t<\/div>\n\t\t<\/section>\n\t\t\t\t<section class=\"elementor-section elementor-top-section elementor-element elementor-element-71bdc03 elementor-section-boxed elementor-section-height-default elementor-section-height-default parallax_section_no qode_elementor_container_no\" data-id=\"71bdc03\" data-element_type=\"section\" data-settings=\"{&quot;background_background&quot;:&quot;classic&quot;}\">\n\t\t\t\t\t\t<div class=\"elementor-container elementor-column-gap-no\">\n\t\t\t\t\t\t\t<div class=\"elementor-row\">\n\t\t\t\t\t<div class=\"elementor-column elementor-col-100 elementor-top-column elementor-element elementor-element-d3427fd\" data-id=\"d3427fd\" data-element_type=\"column\">\n\t\t\t<div class=\"elementor-column-wrap elementor-element-populated\">\n\t\t\t\t\t\t\t<div class=\"elementor-widget-wrap\">\n\t\t\t\t\t\t<div class=\"elementor-element elementor-element-f7f166a elementor-align-center elementor-widget elementor-widget-button\" data-id=\"f7f166a\" data-element_type=\"widget\" data-settings=\"{&quot;motion_fx_motion_fx_scrolling&quot;:&quot;yes&quot;,&quot;motion_fx_scale_effect&quot;:&quot;yes&quot;,&quot;motion_fx_scale_direction&quot;:&quot;out-in&quot;,&quot;motion_fx_scale_speed&quot;:{&quot;unit&quot;:&quot;px&quot;,&quot;size&quot;:4,&quot;sizes&quot;:[]},&quot;motion_fx_scale_range&quot;:{&quot;unit&quot;:&quot;%&quot;,&quot;size&quot;:&quot;&quot;,&quot;sizes&quot;:{&quot;start&quot;:20,&quot;end&quot;:80}},&quot;motion_fx_devices&quot;:[&quot;desktop&quot;,&quot;tablet&quot;,&quot;mobile&quot;]}\" data-widget_type=\"button.default\">\n\t\t\t\t<div class=\"elementor-widget-container\">\n\t\t\t\t\t<div class=\"elementor-button-wrapper\">\n\t\t\t<a href=\"https:\/\/forms.gle\/EP73tFncS9BY1THo8\" class=\"elementor-button-link elementor-button elementor-size-xl\" role=\"button\">\n\t\t\t\t\t\t<span class=\"elementor-button-content-wrapper\">\n\t\t\t\t\t\t<span class=\"elementor-button-icon elementor-align-icon-right\">\n\t\t\t\t<i aria-hidden=\"true\" class=\"fas fa-info\"><\/i>\t\t\t<\/span>\n\t\t\t\t\t\t<span class=\"elementor-button-text\">\u00bfNecesitas m\u00e1s informaci\u00f3n?<\/span>\n\t\t<\/span>\n\t\t\t\t\t<\/a>\n\t\t<\/div>\n\t\t\t\t<\/div>\n\t\t\t\t<\/div>\n\t\t\t\t\t\t<\/div>\n\t\t\t\t\t<\/div>\n\t\t<\/div>\n\t\t\t\t\t\t\t\t<\/div>\n\t\t\t\t\t<\/div>\n\t\t<\/section>\n\t\t\t\t<section class=\"elementor-section elementor-top-section elementor-element elementor-element-73f037b elementor-section-boxed elementor-section-height-default elementor-section-height-default parallax_section_no qode_elementor_container_no\" data-id=\"73f037b\" data-element_type=\"section\">\n\t\t\t\t\t\t<div class=\"elementor-container elementor-column-gap-default\">\n\t\t\t\t\t\t\t<div class=\"elementor-row\">\n\t\t\t\t\t<div class=\"elementor-column elementor-col-100 elementor-top-column elementor-element elementor-element-5143be5\" data-id=\"5143be5\" data-element_type=\"column\">\n\t\t\t<div class=\"elementor-column-wrap elementor-element-populated\">\n\t\t\t\t\t\t\t<div class=\"elementor-widget-wrap\">\n\t\t\t\t\t\t<div class=\"elementor-element elementor-element-9c61530 elementor-widget elementor-widget-image\" data-id=\"9c61530\" data-element_type=\"widget\" data-widget_type=\"image.default\">\n\t\t\t\t<div class=\"elementor-widget-container\">\n\t\t\t\t\t\t\t\t<div class=\"elementor-image\">\n\t\t\t\t\t\t\t\t\t\t\t\t<img width=\"1024\" height=\"214\" src=\"https:\/\/www.macmillaneducation.es\/iberia\/wp-content\/uploads\/2021\/10\/footer_01-1024x214.png\" class=\"attachment-large size-large\" alt=\"\" loading=\"lazy\" srcset=\"https:\/\/www.macmillaneducation.es\/iberia\/wp-content\/uploads\/2021\/10\/footer_01-1024x214.png 1024w, https:\/\/www.macmillaneducation.es\/iberia\/wp-content\/uploads\/2021\/10\/footer_01-300x63.png 300w, https:\/\/www.macmillaneducation.es\/iberia\/wp-content\/uploads\/2021\/10\/footer_01-768x160.png 768w, https:\/\/www.macmillaneducation.es\/iberia\/wp-content\/uploads\/2021\/10\/footer_01-1536x321.png 1536w, https:\/\/www.macmillaneducation.es\/iberia\/wp-content\/uploads\/2021\/10\/footer_01-700x146.png 700w, https:\/\/www.macmillaneducation.es\/iberia\/wp-content\/uploads\/2021\/10\/footer_01-600x125.png 600w, https:\/\/www.macmillaneducation.es\/iberia\/wp-content\/uploads\/2021\/10\/footer_01.png 1600w\" sizes=\"(max-width: 1024px) 100vw, 1024px\" \/>\t\t\t\t\t\t\t\t\t\t\t\t\t\t<\/div>\n\t\t\t\t\t\t<\/div>\n\t\t\t\t<\/div>\n\t\t\t\t\t\t<\/div>\n\t\t\t\t\t<\/div>\n\t\t<\/div>\n\t\t\t\t\t\t\t\t<\/div>\n\t\t\t\t\t<\/div>\n\t\t<\/section>\n\t\t\t\t\t\t<\/div>\n\t\t\t\t\t\t<\/div>\n\t\t\t\t\t<\/div>\n\t\t","protected":false},"excerpt":{"rendered":"<p>Chez Macmillan Education, nous mettons \u00e0 votre disposition une s\u00e9rie de mat\u00e9riel p\u00e9dagogique pour vous aider \u00e0 travailler sur les ODD en classe. Vous pouvez les t\u00e9l\u00e9charger en cliquant sur les ic\u00f4nes suivantes : \u00bfNecesitas m\u00e1s informaci\u00f3n?<\/p>\n","protected":false},"author":1,"featured_media":0,"parent":20934,"menu_order":4,"comment_status":"closed","ping_status":"closed","template":"","meta":[],"_links":{"self":[{"href":"https:\/\/www.macmillaneducation.es\/iberia\/wp-json\/wp\/v2\/pages\/34792"}],"collection":[{"href":"https:\/\/www.macmillaneducation.es\/iberia\/wp-json\/wp\/v2\/pages"}],"about":[{"href":"https:\/\/www.macmillaneducation.es\/iberia\/wp-json\/wp\/v2\/types\/page"}],"author":[{"embeddable":true,"href":"https:\/\/www.macmillaneducation.es\/iberia\/wp-json\/wp\/v2\/users\/1"}],"replies":[{"embeddable":true,"href":"https:\/\/www.macmillaneducation.es\/iberia\/wp-json\/wp\/v2\/comments?post=34792"}],"version-history":[{"count":19,"href":"https:\/\/www.macmillaneducation.es\/iberia\/wp-json\/wp\/v2\/pages\/34792\/revisions"}],"predecessor-version":[{"id":36908,"href":"https:\/\/www.macmillaneducation.es\/iberia\/wp-json\/wp\/v2\/pages\/34792\/revisions\/36908"}],"up":[{"embeddable":true,"href":"https:\/\/www.macmillaneducation.es\/iberia\/wp-json\/wp\/v2\/pages\/20934"}],"wp:attachment":[{"href":"https:\/\/www.macmillaneducation.es\/iberia\/wp-json\/wp\/v2\/media?parent=34792"}],"curies":[{"name":"wp","href":"https:\/\/api.w.org\/{rel}","templated":true}]}}