{"id":28602,"date":"2021-06-03T13:47:27","date_gmt":"2021-06-03T13:47:27","guid":{"rendered":"https:\/\/www.macmillaneducation.es\/iberia\/?page_id=28602"},"modified":"2023-05-02T11:55:52","modified_gmt":"2023-05-02T11:55:52","slug":"3-ciclo-primaria","status":"publish","type":"page","link":"https:\/\/www.macmillaneducation.es\/iberia\/ods\/recursos-castellano\/3-ciclo-primaria\/","title":{"rendered":"Tercer Ciclo Primaria"},"content":{"rendered":"\t\t<div data-elementor-type=\"wp-page\" data-elementor-id=\"28602\" class=\"elementor elementor-28602 elementor-28601\" data-elementor-settings=\"[]\">\n\t\t\t\t\t\t<div class=\"elementor-inner\">\n\t\t\t\t\t\t\t<div class=\"elementor-section-wrap\">\n\t\t\t\t\t\t\t<section class=\"elementor-section elementor-top-section elementor-element elementor-element-74999e20 qode_elementor_container_inner elementor-section-boxed elementor-section-height-default elementor-section-height-default parallax_section_no\" data-id=\"74999e20\" data-element_type=\"section\">\n\t\t\t\t\t\t<div class=\"elementor-container elementor-column-gap-default\">\n\t\t\t\t\t\t\t<div class=\"elementor-row\">\n\t\t\t\t\t<div class=\"elementor-column elementor-col-100 elementor-top-column elementor-element elementor-element-6d444207\" data-id=\"6d444207\" data-element_type=\"column\">\n\t\t\t<div class=\"elementor-column-wrap elementor-element-populated\">\n\t\t\t\t\t\t\t<div class=\"elementor-widget-wrap\">\n\t\t\t\t\t\t<div class=\"elementor-element elementor-element-688798f6 elementor-widget elementor-widget-image\" data-id=\"688798f6\" data-element_type=\"widget\" data-widget_type=\"image.default\">\n\t\t\t\t<div class=\"elementor-widget-container\">\n\t\t\t\t\t\t\t\t<div class=\"elementor-image\">\n\t\t\t\t\t\t\t\t\t\t\t\t<img width=\"1000\" height=\"256\" src=\"https:\/\/www.macmillaneducation.es\/iberia\/wp-content\/uploads\/2023\/01\/banner_recursos_primaria_3.jpg\" class=\"attachment-large size-large\" alt=\"\" loading=\"lazy\" srcset=\"https:\/\/www.macmillaneducation.es\/iberia\/wp-content\/uploads\/2023\/01\/banner_recursos_primaria_3.jpg 1000w, https:\/\/www.macmillaneducation.es\/iberia\/wp-content\/uploads\/2023\/01\/banner_recursos_primaria_3-300x77.jpg 300w, https:\/\/www.macmillaneducation.es\/iberia\/wp-content\/uploads\/2023\/01\/banner_recursos_primaria_3-768x197.jpg 768w, https:\/\/www.macmillaneducation.es\/iberia\/wp-content\/uploads\/2023\/01\/banner_recursos_primaria_3-700x179.jpg 700w, https:\/\/www.macmillaneducation.es\/iberia\/wp-content\/uploads\/2023\/01\/banner_recursos_primaria_3-600x154.jpg 600w\" sizes=\"(max-width: 1000px) 100vw, 1000px\" \/>\t\t\t\t\t\t\t\t\t\t\t\t\t\t<\/div>\n\t\t\t\t\t\t<\/div>\n\t\t\t\t<\/div>\n\t\t\t\t<div class=\"elementor-element elementor-element-9171d17 elementor-widget elementor-widget-spacer\" data-id=\"9171d17\" data-element_type=\"widget\" data-widget_type=\"spacer.default\">\n\t\t\t\t<div class=\"elementor-widget-container\">\n\t\t\t\t\t<div class=\"elementor-spacer\">\n\t\t\t<div class=\"elementor-spacer-inner\"><\/div>\n\t\t<\/div>\n\t\t\t\t<\/div>\n\t\t\t\t<\/div>\n\t\t\t\t<div class=\"elementor-element elementor-element-352a319 elementor-widget elementor-widget-text-editor\" data-id=\"352a319\" data-element_type=\"widget\" data-widget_type=\"text-editor.default\">\n\t\t\t\t<div class=\"elementor-widget-container\">\n\t\t\t\t\t\t\t\t<div class=\"elementor-text-editor elementor-clearfix\">\n\t\t\t\t\t<h4>Desde Macmillan Education ponemos a vuestra disposici\u00f3n una serie de materiales descargables y proyectables para ayudaros a trabajar los ODS y los temas de Diversidad, Equidad e Inclusi\u00f3n en clase.<\/h4>\t\t\t\t\t<\/div>\n\t\t\t\t\t\t<\/div>\n\t\t\t\t<\/div>\n\t\t\t\t<div class=\"elementor-element elementor-element-22c438a9 elementor-widget elementor-widget-spacer\" data-id=\"22c438a9\" data-element_type=\"widget\" data-widget_type=\"spacer.default\">\n\t\t\t\t<div class=\"elementor-widget-container\">\n\t\t\t\t\t<div class=\"elementor-spacer\">\n\t\t\t<div class=\"elementor-spacer-inner\"><\/div>\n\t\t<\/div>\n\t\t\t\t<\/div>\n\t\t\t\t<\/div>\n\t\t\t\t\t\t<\/div>\n\t\t\t\t\t<\/div>\n\t\t<\/div>\n\t\t\t\t\t\t\t\t<\/div>\n\t\t\t\t\t<\/div>\n\t\t<\/section>\n\t\t\t\t<section class=\"elementor-section elementor-top-section elementor-element elementor-element-428d7bc5 elementor-section-boxed elementor-section-height-default elementor-section-height-default parallax_section_no qode_elementor_container_no\" data-id=\"428d7bc5\" data-element_type=\"section\">\n\t\t\t\t\t\t<div class=\"elementor-container elementor-column-gap-wide\">\n\t\t\t\t\t\t\t<div class=\"elementor-row\">\n\t\t\t\t\t<div class=\"elementor-column elementor-col-33 elementor-top-column elementor-element elementor-element-607988b0\" data-id=\"607988b0\" data-element_type=\"column\" data-settings=\"{&quot;background_background&quot;:&quot;classic&quot;}\">\n\t\t\t<div class=\"elementor-column-wrap elementor-element-populated\">\n\t\t\t\t\t\t\t<div class=\"elementor-widget-wrap\">\n\t\t\t\t\t\t<div class=\"elementor-element elementor-element-d22bfe1 elementor-widget elementor-widget-image\" data-id=\"d22bfe1\" data-element_type=\"widget\" data-widget_type=\"image.default\">\n\t\t\t\t<div class=\"elementor-widget-container\">\n\t\t\t\t\t\t\t\t<div class=\"elementor-image\">\n\t\t\t\t\t\t\t\t\t\t\t\t<img width=\"600\" height=\"153\" src=\"https:\/\/www.macmillaneducation.es\/iberia\/wp-content\/uploads\/2023\/01\/recurso_dei_1.png\" class=\"attachment-medium_large size-medium_large\" alt=\"\" loading=\"lazy\" srcset=\"https:\/\/www.macmillaneducation.es\/iberia\/wp-content\/uploads\/2023\/01\/recurso_dei_1.png 600w, https:\/\/www.macmillaneducation.es\/iberia\/wp-content\/uploads\/2023\/01\/recurso_dei_1-300x77.png 300w\" sizes=\"(max-width: 600px) 100vw, 600px\" \/>\t\t\t\t\t\t\t\t\t\t\t\t\t\t<\/div>\n\t\t\t\t\t\t<\/div>\n\t\t\t\t<\/div>\n\t\t\t\t<div class=\"elementor-element elementor-element-5c6e910b elementor-widget elementor-widget-text-editor\" data-id=\"5c6e910b\" data-element_type=\"widget\" data-widget_type=\"text-editor.default\">\n\t\t\t\t<div class=\"elementor-widget-container\">\n\t\t\t\t\t\t\t\t<div class=\"elementor-text-editor elementor-clearfix\">\n\t\t\t\t\t<h2>DESEOS Y NECESIDADES<\/h2>\t\t\t\t\t<\/div>\n\t\t\t\t\t\t<\/div>\n\t\t\t\t<\/div>\n\t\t\t\t<div class=\"elementor-element elementor-element-56413723 elementor-widget elementor-widget-text-editor\" data-id=\"56413723\" data-element_type=\"widget\" data-widget_type=\"text-editor.default\">\n\t\t\t\t<div class=\"elementor-widget-container\">\n\t\t\t\t\t\t\t\t<div class=\"elementor-text-editor elementor-clearfix\">\n\t\t\t\t\t<p>Con esta actividad tu alumando aprender\u00e1 a distinguir una necesidad de un deseo, identificar\u00e1 las suyas propias y valorar\u00e1 las que son universales.<\/p>\t\t\t\t\t<\/div>\n\t\t\t\t\t\t<\/div>\n\t\t\t\t<\/div>\n\t\t\t\t<div class=\"elementor-element elementor-element-73caaeb1 elementor-align-center elementor-widget elementor-widget-button\" data-id=\"73caaeb1\" data-element_type=\"widget\" data-widget_type=\"button.default\">\n\t\t\t\t<div class=\"elementor-widget-container\">\n\t\t\t\t\t<div class=\"elementor-button-wrapper\">\n\t\t\t<a href=\"https:\/\/bit.ly\/3IOMmNl\" target=\"_blank\" class=\"elementor-button-link elementor-button elementor-size-sm\" role=\"button\">\n\t\t\t\t\t\t<span class=\"elementor-button-content-wrapper\">\n\t\t\t\t\t\t<span class=\"elementor-button-text\">Presentaci\u00f3n<\/span>\n\t\t<\/span>\n\t\t\t\t\t<\/a>\n\t\t<\/div>\n\t\t\t\t<\/div>\n\t\t\t\t<\/div>\n\t\t\t\t<div class=\"elementor-element elementor-element-5c6256cc elementor-align-center elementor-widget elementor-widget-button\" data-id=\"5c6256cc\" data-element_type=\"widget\" data-widget_type=\"button.default\">\n\t\t\t\t<div class=\"elementor-widget-container\">\n\t\t\t\t\t<div class=\"elementor-button-wrapper\">\n\t\t\t<a href=\"https:\/\/www.google.com\/url?q=http:\/\/bit.ly\/3w4urdZ&#038;sa=D&#038;source=editors&#038;ust=1674517156755105&#038;usg=AOvVaw3jbUNxvqqzQm2TfEfU4HYa\" target=\"_blank\" class=\"elementor-button-link elementor-button elementor-size-sm\" role=\"button\">\n\t\t\t\t\t\t<span class=\"elementor-button-content-wrapper\">\n\t\t\t\t\t\t<span class=\"elementor-button-text\">Notas del profesorado<\/span>\n\t\t<\/span>\n\t\t\t\t\t<\/a>\n\t\t<\/div>\n\t\t\t\t<\/div>\n\t\t\t\t<\/div>\n\t\t\t\t<div class=\"elementor-element elementor-element-7a6637e2 elementor-widget-divider--view-line elementor-widget elementor-widget-divider\" data-id=\"7a6637e2\" data-element_type=\"widget\" data-widget_type=\"divider.default\">\n\t\t\t\t<div class=\"elementor-widget-container\">\n\t\t\t\t\t<div class=\"elementor-divider\">\n\t\t\t<span class=\"elementor-divider-separator\">\n\t\t\t\t\t\t<\/span>\n\t\t<\/div>\n\t\t\t\t<\/div>\n\t\t\t\t<\/div>\n\t\t\t\t\t\t<\/div>\n\t\t\t\t\t<\/div>\n\t\t<\/div>\n\t\t\t\t<div class=\"elementor-column elementor-col-33 elementor-top-column elementor-element elementor-element-302188af\" data-id=\"302188af\" data-element_type=\"column\" data-settings=\"{&quot;background_background&quot;:&quot;classic&quot;}\">\n\t\t\t<div class=\"elementor-column-wrap elementor-element-populated\">\n\t\t\t\t\t\t\t<div class=\"elementor-widget-wrap\">\n\t\t\t\t\t\t<div class=\"elementor-element elementor-element-3e8b5be8 elementor-widget elementor-widget-image\" data-id=\"3e8b5be8\" data-element_type=\"widget\" data-widget_type=\"image.default\">\n\t\t\t\t<div class=\"elementor-widget-container\">\n\t\t\t\t\t\t\t\t<div class=\"elementor-image\">\n\t\t\t\t\t\t\t\t\t\t\t\t<img width=\"600\" height=\"153\" src=\"https:\/\/www.macmillaneducation.es\/iberia\/wp-content\/uploads\/2023\/01\/recurso_dei_1.png\" class=\"attachment-medium_large size-medium_large\" alt=\"\" loading=\"lazy\" srcset=\"https:\/\/www.macmillaneducation.es\/iberia\/wp-content\/uploads\/2023\/01\/recurso_dei_1.png 600w, https:\/\/www.macmillaneducation.es\/iberia\/wp-content\/uploads\/2023\/01\/recurso_dei_1-300x77.png 300w\" sizes=\"(max-width: 600px) 100vw, 600px\" \/>\t\t\t\t\t\t\t\t\t\t\t\t\t\t<\/div>\n\t\t\t\t\t\t<\/div>\n\t\t\t\t<\/div>\n\t\t\t\t<div class=\"elementor-element elementor-element-14cb68aa elementor-widget elementor-widget-text-editor\" data-id=\"14cb68aa\" data-element_type=\"widget\" data-widget_type=\"text-editor.default\">\n\t\t\t\t<div class=\"elementor-widget-container\">\n\t\t\t\t\t\t\t\t<div class=\"elementor-text-editor elementor-clearfix\">\n\t\t\t\t\t<h2>\u00bfES JUSTO?<\/h2>\t\t\t\t\t<\/div>\n\t\t\t\t\t\t<\/div>\n\t\t\t\t<\/div>\n\t\t\t\t<div class=\"elementor-element elementor-element-575ef64e elementor-widget elementor-widget-text-editor\" data-id=\"575ef64e\" data-element_type=\"widget\" data-widget_type=\"text-editor.default\">\n\t\t\t\t<div class=\"elementor-widget-container\">\n\t\t\t\t\t\t\t\t<div class=\"elementor-text-editor elementor-clearfix\">\n\t\t\t\t\t<p>Con el objetivo de reducir las desigualdades, vamos a reflexionar sobre ellas, los tipos que hay y c\u00f3mo influyen en la vida de las personas que las padecen.<\/p>\t\t\t\t\t<\/div>\n\t\t\t\t\t\t<\/div>\n\t\t\t\t<\/div>\n\t\t\t\t<div class=\"elementor-element elementor-element-35122636 elementor-align-center elementor-widget elementor-widget-button\" data-id=\"35122636\" data-element_type=\"widget\" data-widget_type=\"button.default\">\n\t\t\t\t<div class=\"elementor-widget-container\">\n\t\t\t\t\t<div class=\"elementor-button-wrapper\">\n\t\t\t<a href=\"https:\/\/docs.google.com\/presentation\/d\/e\/2PACX-1vSxeJtaj1e0MLFKXBdjXtjB5HjQk1Coy_vWE3cJPGFxuGUcQZWUYDd3bX75KwpqIxGWv4rQExGPrgnf\/pub?start=false&#038;loop=false&#038;delayms=3000&#038;slide=id.p\" target=\"_blank\" class=\"elementor-button-link elementor-button elementor-size-sm\" role=\"button\">\n\t\t\t\t\t\t<span class=\"elementor-button-content-wrapper\">\n\t\t\t\t\t\t<span class=\"elementor-button-text\">Presentaci\u00f3n<\/span>\n\t\t<\/span>\n\t\t\t\t\t<\/a>\n\t\t<\/div>\n\t\t\t\t<\/div>\n\t\t\t\t<\/div>\n\t\t\t\t<div class=\"elementor-element elementor-element-777c5905 elementor-align-center elementor-widget elementor-widget-button\" data-id=\"777c5905\" data-element_type=\"widget\" data-widget_type=\"button.default\">\n\t\t\t\t<div class=\"elementor-widget-container\">\n\t\t\t\t\t<div class=\"elementor-button-wrapper\">\n\t\t\t<a href=\"https:\/\/www2.macmillaneducation.es\/2023\/CORP\/DEI_activities\/CAST\/primaria_ciclo3_sesion2_SD.pdf\" target=\"_blank\" class=\"elementor-button-link elementor-button elementor-size-sm\" role=\"button\">\n\t\t\t\t\t\t<span class=\"elementor-button-content-wrapper\">\n\t\t\t\t\t\t<span class=\"elementor-button-text\">Notas del profesorado<\/span>\n\t\t<\/span>\n\t\t\t\t\t<\/a>\n\t\t<\/div>\n\t\t\t\t<\/div>\n\t\t\t\t<\/div>\n\t\t\t\t<div class=\"elementor-element elementor-element-3cd4642c elementor-widget-divider--view-line elementor-widget elementor-widget-divider\" data-id=\"3cd4642c\" data-element_type=\"widget\" data-widget_type=\"divider.default\">\n\t\t\t\t<div class=\"elementor-widget-container\">\n\t\t\t\t\t<div class=\"elementor-divider\">\n\t\t\t<span class=\"elementor-divider-separator\">\n\t\t\t\t\t\t<\/span>\n\t\t<\/div>\n\t\t\t\t<\/div>\n\t\t\t\t<\/div>\n\t\t\t\t\t\t<\/div>\n\t\t\t\t\t<\/div>\n\t\t<\/div>\n\t\t\t\t<div class=\"elementor-column elementor-col-33 elementor-top-column elementor-element elementor-element-4020d0f0\" data-id=\"4020d0f0\" data-element_type=\"column\" data-settings=\"{&quot;background_background&quot;:&quot;classic&quot;}\">\n\t\t\t<div class=\"elementor-column-wrap elementor-element-populated\">\n\t\t\t\t\t\t\t<div class=\"elementor-widget-wrap\">\n\t\t\t\t\t\t<div class=\"elementor-element elementor-element-11bd234c elementor-widget elementor-widget-image\" data-id=\"11bd234c\" data-element_type=\"widget\" data-widget_type=\"image.default\">\n\t\t\t\t<div class=\"elementor-widget-container\">\n\t\t\t\t\t\t\t\t<div class=\"elementor-image\">\n\t\t\t\t\t\t\t\t\t\t\t\t<img width=\"600\" height=\"153\" src=\"https:\/\/www.macmillaneducation.es\/iberia\/wp-content\/uploads\/2023\/01\/recurso_ods.png\" class=\"attachment-large size-large\" alt=\"\" loading=\"lazy\" srcset=\"https:\/\/www.macmillaneducation.es\/iberia\/wp-content\/uploads\/2023\/01\/recurso_ods.png 600w, https:\/\/www.macmillaneducation.es\/iberia\/wp-content\/uploads\/2023\/01\/recurso_ods-300x77.png 300w\" sizes=\"(max-width: 600px) 100vw, 600px\" \/>\t\t\t\t\t\t\t\t\t\t\t\t\t\t<\/div>\n\t\t\t\t\t\t<\/div>\n\t\t\t\t<\/div>\n\t\t\t\t<div class=\"elementor-element elementor-element-3b462eb3 elementor-widget elementor-widget-text-editor\" data-id=\"3b462eb3\" data-element_type=\"widget\" data-widget_type=\"text-editor.default\">\n\t\t\t\t<div class=\"elementor-widget-container\">\n\t\t\t\t\t\t\t\t<div class=\"elementor-text-editor elementor-clearfix\">\n\t\t\t\t\t<h2>ODS 7, 11 y 12<\/h2>\t\t\t\t\t<\/div>\n\t\t\t\t\t\t<\/div>\n\t\t\t\t<\/div>\n\t\t\t\t<div class=\"elementor-element elementor-element-445b3f67 elementor-widget elementor-widget-text-editor\" data-id=\"445b3f67\" data-element_type=\"widget\" data-widget_type=\"text-editor.default\">\n\t\t\t\t<div class=\"elementor-widget-container\">\n\t\t\t\t\t\t\t\t<div class=\"elementor-text-editor elementor-clearfix\">\n\t\t\t\t\tReflexionar y proponer soluciones sobre las formas a trav\u00e9s de las cuales nuestro pueblo\/ciudad podr\u00eda ser m\u00e1s sostenible (ODS 7, 11, 12)\t\t\t\t\t<\/div>\n\t\t\t\t\t\t<\/div>\n\t\t\t\t<\/div>\n\t\t\t\t<div class=\"elementor-element elementor-element-27328a2b elementor-align-center elementor-widget elementor-widget-button\" data-id=\"27328a2b\" data-element_type=\"widget\" data-widget_type=\"button.default\">\n\t\t\t\t<div class=\"elementor-widget-container\">\n\t\t\t\t\t<div class=\"elementor-button-wrapper\">\n\t\t\t<a href=\"https:\/\/www.macmillaneducation.es\/wp-content\/ods\/ThirdCycleWS.pdf\" target=\"_blank\" class=\"elementor-button-link elementor-button elementor-size-sm\" role=\"button\">\n\t\t\t\t\t\t<span class=\"elementor-button-content-wrapper\">\n\t\t\t\t\t\t<span class=\"elementor-button-text\">Actividades<\/span>\n\t\t<\/span>\n\t\t\t\t\t<\/a>\n\t\t<\/div>\n\t\t\t\t<\/div>\n\t\t\t\t<\/div>\n\t\t\t\t<div class=\"elementor-element elementor-element-4d645daf elementor-align-center elementor-widget elementor-widget-button\" data-id=\"4d645daf\" data-element_type=\"widget\" data-widget_type=\"button.default\">\n\t\t\t\t<div class=\"elementor-widget-container\">\n\t\t\t\t\t<div class=\"elementor-button-wrapper\">\n\t\t\t<a href=\"https:\/\/www.macmillaneducation.es\/wp-content\/ods\/Anotaciones5Primaria.pdf\" target=\"_blank\" class=\"elementor-button-link elementor-button elementor-size-sm\" role=\"button\">\n\t\t\t\t\t\t<span class=\"elementor-button-content-wrapper\">\n\t\t\t\t\t\t<span class=\"elementor-button-text\">Notas del profesorado<\/span>\n\t\t<\/span>\n\t\t\t\t\t<\/a>\n\t\t<\/div>\n\t\t\t\t<\/div>\n\t\t\t\t<\/div>\n\t\t\t\t<div class=\"elementor-element elementor-element-4b407367 elementor-widget-divider--view-line elementor-widget elementor-widget-divider\" data-id=\"4b407367\" data-element_type=\"widget\" data-widget_type=\"divider.default\">\n\t\t\t\t<div class=\"elementor-widget-container\">\n\t\t\t\t\t<div class=\"elementor-divider\">\n\t\t\t<span class=\"elementor-divider-separator\">\n\t\t\t\t\t\t<\/span>\n\t\t<\/div>\n\t\t\t\t<\/div>\n\t\t\t\t<\/div>\n\t\t\t\t\t\t<\/div>\n\t\t\t\t\t<\/div>\n\t\t<\/div>\n\t\t\t\t\t\t\t\t<\/div>\n\t\t\t\t\t<\/div>\n\t\t<\/section>\n\t\t\t\t<section class=\"elementor-section elementor-top-section elementor-element elementor-element-4b63e1f5 elementor-section-boxed elementor-section-height-default elementor-section-height-default parallax_section_no qode_elementor_container_no\" data-id=\"4b63e1f5\" data-element_type=\"section\">\n\t\t\t\t\t\t<div class=\"elementor-container elementor-column-gap-default\">\n\t\t\t\t\t\t\t<div class=\"elementor-row\">\n\t\t\t\t\t<div class=\"elementor-column elementor-col-50 elementor-top-column elementor-element elementor-element-2d2f8984\" data-id=\"2d2f8984\" data-element_type=\"column\">\n\t\t\t<div class=\"elementor-column-wrap elementor-element-populated\">\n\t\t\t\t\t\t\t<div class=\"elementor-widget-wrap\">\n\t\t\t\t\t\t<div class=\"elementor-element elementor-element-39db91ef elementor-position-left elementor-vertical-align-top elementor-widget elementor-widget-image-box\" data-id=\"39db91ef\" data-element_type=\"widget\" data-widget_type=\"image-box.default\">\n\t\t\t\t<div class=\"elementor-widget-container\">\n\t\t\t<div class=\"elementor-image-box-wrapper\"><figure class=\"elementor-image-box-img\"><a href=\"https:\/\/www.macmillaneducation.es\/iberia\/ods\/recursos-castellano\/Segundo-Ciclo-Primaria\/\"><img width=\"100\" height=\"100\" src=\"https:\/\/www.macmillaneducation.es\/iberia\/wp-content\/uploads\/2023\/01\/flecha_azul_izq-100x100.png\" class=\"attachment-shop_thumbnail size-shop_thumbnail\" alt=\"\" loading=\"lazy\" srcset=\"https:\/\/www.macmillaneducation.es\/iberia\/wp-content\/uploads\/2023\/01\/flecha_azul_izq-100x100.png 100w, https:\/\/www.macmillaneducation.es\/iberia\/wp-content\/uploads\/2023\/01\/flecha_azul_izq.png 123w\" sizes=\"(max-width: 100px) 100vw, 100px\" \/><\/a><\/figure><div class=\"elementor-image-box-content\"><h4 class=\"elementor-image-box-title\"><a href=\"https:\/\/www.macmillaneducation.es\/iberia\/ods\/recursos-castellano\/Segundo-Ciclo-Primaria\/\"><br>RECURSOS SEGUNDO CICLO PRIMARIA<\/a><\/h4><\/div><\/div>\t\t<\/div>\n\t\t\t\t<\/div>\n\t\t\t\t\t\t<\/div>\n\t\t\t\t\t<\/div>\n\t\t<\/div>\n\t\t\t\t<div class=\"elementor-column elementor-col-50 elementor-top-column elementor-element elementor-element-4721bf31\" data-id=\"4721bf31\" data-element_type=\"column\">\n\t\t\t<div class=\"elementor-column-wrap elementor-element-populated\">\n\t\t\t\t\t\t\t<div class=\"elementor-widget-wrap\">\n\t\t\t\t\t\t<div class=\"elementor-element elementor-element-59d73b84 elementor-position-right elementor-vertical-align-top elementor-widget elementor-widget-image-box\" data-id=\"59d73b84\" data-element_type=\"widget\" data-widget_type=\"image-box.default\">\n\t\t\t\t<div class=\"elementor-widget-container\">\n\t\t\t<div class=\"elementor-image-box-wrapper\"><figure class=\"elementor-image-box-img\"><a href=\"https:\/\/www.macmillaneducation.es\/iberia\/ods\/recursos-castellano\/primer-ciclo-eso\/\"><img width=\"100\" height=\"100\" src=\"https:\/\/www.macmillaneducation.es\/iberia\/wp-content\/uploads\/2023\/01\/flecha_naranja_dcha-100x100.png\" class=\"attachment-shop_thumbnail size-shop_thumbnail\" alt=\"\" loading=\"lazy\" srcset=\"https:\/\/www.macmillaneducation.es\/iberia\/wp-content\/uploads\/2023\/01\/flecha_naranja_dcha-100x100.png 100w, https:\/\/www.macmillaneducation.es\/iberia\/wp-content\/uploads\/2023\/01\/flecha_naranja_dcha.png 122w\" sizes=\"(max-width: 100px) 100vw, 100px\" \/><\/a><\/figure><div class=\"elementor-image-box-content\"><h4 class=\"elementor-image-box-title\"><a href=\"https:\/\/www.macmillaneducation.es\/iberia\/ods\/recursos-castellano\/primer-ciclo-eso\/\"><br>RECURSOS PRIMER CICLO ESO<\/a><\/h4><\/div><\/div>\t\t<\/div>\n\t\t\t\t<\/div>\n\t\t\t\t\t\t<\/div>\n\t\t\t\t\t<\/div>\n\t\t<\/div>\n\t\t\t\t\t\t\t\t<\/div>\n\t\t\t\t\t<\/div>\n\t\t<\/section>\n\t\t\t\t<section class=\"elementor-section elementor-top-section elementor-element elementor-element-78ac160b elementor-section-boxed elementor-section-height-default elementor-section-height-default parallax_section_no qode_elementor_container_no\" data-id=\"78ac160b\" data-element_type=\"section\">\n\t\t\t\t\t\t<div class=\"elementor-container elementor-column-gap-default\">\n\t\t\t\t\t\t\t<div class=\"elementor-row\">\n\t\t\t\t\t<div class=\"elementor-column elementor-col-50 elementor-top-column elementor-element elementor-element-a5c8dd5\" data-id=\"a5c8dd5\" data-element_type=\"column\">\n\t\t\t<div class=\"elementor-column-wrap elementor-element-populated\">\n\t\t\t\t\t\t\t<div class=\"elementor-widget-wrap\">\n\t\t\t\t\t\t<div class=\"elementor-element elementor-element-5725c222 elementor-align-center elementor-widget elementor-widget-button\" data-id=\"5725c222\" data-element_type=\"widget\" data-widget_type=\"button.default\">\n\t\t\t\t<div class=\"elementor-widget-container\">\n\t\t\t\t\t<div class=\"elementor-button-wrapper\">\n\t\t\t<a href=\"https:\/\/www.macmillaneducation.es\/iberia\/ods\/recursos-castellano\/\" class=\"elementor-button-link elementor-button elementor-size-sm\" role=\"button\">\n\t\t\t\t\t\t<span class=\"elementor-button-content-wrapper\">\n\t\t\t\t\t\t<span class=\"elementor-button-text\">Volver a Recursos para profesorado<\/span>\n\t\t<\/span>\n\t\t\t\t\t<\/a>\n\t\t<\/div>\n\t\t\t\t<\/div>\n\t\t\t\t<\/div>\n\t\t\t\t\t\t<\/div>\n\t\t\t\t\t<\/div>\n\t\t<\/div>\n\t\t\t\t<div class=\"elementor-column elementor-col-50 elementor-top-column elementor-element elementor-element-11dc4c82\" data-id=\"11dc4c82\" data-element_type=\"column\">\n\t\t\t<div class=\"elementor-column-wrap elementor-element-populated\">\n\t\t\t\t\t\t\t<div class=\"elementor-widget-wrap\">\n\t\t\t\t\t\t<div class=\"elementor-element elementor-element-76cd1768 elementor-align-center elementor-widget elementor-widget-button\" data-id=\"76cd1768\" data-element_type=\"widget\" data-widget_type=\"button.default\">\n\t\t\t\t<div class=\"elementor-widget-container\">\n\t\t\t\t\t<div class=\"elementor-button-wrapper\">\n\t\t\t<a href=\"https:\/\/www.macmillaneducation.es\/iberia\/en\/ods\/teacher-resources\/\" class=\"elementor-button-link elementor-button elementor-size-sm\" role=\"button\">\n\t\t\t\t\t\t<span class=\"elementor-button-content-wrapper\">\n\t\t\t\t\t\t<span class=\"elementor-button-text\">Recursos disponibles tambi\u00e9n en ingl\u00e9s<\/span>\n\t\t<\/span>\n\t\t\t\t\t<\/a>\n\t\t<\/div>\n\t\t\t\t<\/div>\n\t\t\t\t<\/div>\n\t\t\t\t\t\t<\/div>\n\t\t\t\t\t<\/div>\n\t\t<\/div>\n\t\t\t\t\t\t\t\t<\/div>\n\t\t\t\t\t<\/div>\n\t\t<\/section>\n\t\t\t\t<section class=\"elementor-section elementor-top-section elementor-element elementor-element-38bc5af7 elementor-section-boxed elementor-section-height-default elementor-section-height-default parallax_section_no qode_elementor_container_no\" data-id=\"38bc5af7\" data-element_type=\"section\">\n\t\t\t\t\t\t<div class=\"elementor-container elementor-column-gap-default\">\n\t\t\t\t\t\t\t<div class=\"elementor-row\">\n\t\t\t\t\t<div class=\"elementor-column elementor-col-100 elementor-top-column elementor-element elementor-element-6efbbb7f\" data-id=\"6efbbb7f\" data-element_type=\"column\">\n\t\t\t<div class=\"elementor-column-wrap elementor-element-populated\">\n\t\t\t\t\t\t\t<div class=\"elementor-widget-wrap\">\n\t\t\t\t\t\t<div class=\"elementor-element elementor-element-6f65d0c5 elementor-widget elementor-widget-image\" data-id=\"6f65d0c5\" data-element_type=\"widget\" data-widget_type=\"image.default\">\n\t\t\t\t<div class=\"elementor-widget-container\">\n\t\t\t\t\t\t\t\t<div class=\"elementor-image\">\n\t\t\t\t\t\t\t\t\t\t\t\t<img width=\"1000\" height=\"160\" src=\"https:\/\/www.macmillaneducation.es\/iberia\/wp-content\/uploads\/2023\/01\/pie_recursos-1.png\" class=\"attachment-large size-large\" alt=\"\" loading=\"lazy\" srcset=\"https:\/\/www.macmillaneducation.es\/iberia\/wp-content\/uploads\/2023\/01\/pie_recursos-1.png 1000w, https:\/\/www.macmillaneducation.es\/iberia\/wp-content\/uploads\/2023\/01\/pie_recursos-1-300x48.png 300w, https:\/\/www.macmillaneducation.es\/iberia\/wp-content\/uploads\/2023\/01\/pie_recursos-1-768x123.png 768w, https:\/\/www.macmillaneducation.es\/iberia\/wp-content\/uploads\/2023\/01\/pie_recursos-1-700x112.png 700w, https:\/\/www.macmillaneducation.es\/iberia\/wp-content\/uploads\/2023\/01\/pie_recursos-1-600x96.png 600w\" sizes=\"(max-width: 1000px) 100vw, 1000px\" \/>\t\t\t\t\t\t\t\t\t\t\t\t\t\t<\/div>\n\t\t\t\t\t\t<\/div>\n\t\t\t\t<\/div>\n\t\t\t\t\t\t<\/div>\n\t\t\t\t\t<\/div>\n\t\t<\/div>\n\t\t\t\t\t\t\t\t<\/div>\n\t\t\t\t\t<\/div>\n\t\t<\/section>\n\t\t\t\t\t\t<\/div>\n\t\t\t\t\t\t<\/div>\n\t\t\t\t\t<\/div>\n\t\t","protected":false},"excerpt":{"rendered":"<p>Desde Macmillan Education ponemos a vuestra disposici\u00f3n una serie de materiales descargables y proyectables para ayudaros a trabajar los ODS y los temas de Diversidad, Equidad e Inclusi\u00f3n en clase. DESEOS Y NECESIDADES Con esta actividad tu alumando aprender\u00e1 a distinguir una necesidad de un&#8230;<\/p>\n","protected":false},"author":1,"featured_media":0,"parent":28187,"menu_order":1,"comment_status":"closed","ping_status":"closed","template":"","meta":[],"_links":{"self":[{"href":"https:\/\/www.macmillaneducation.es\/iberia\/wp-json\/wp\/v2\/pages\/28602"}],"collection":[{"href":"https:\/\/www.macmillaneducation.es\/iberia\/wp-json\/wp\/v2\/pages"}],"about":[{"href":"https:\/\/www.macmillaneducation.es\/iberia\/wp-json\/wp\/v2\/types\/page"}],"author":[{"embeddable":true,"href":"https:\/\/www.macmillaneducation.es\/iberia\/wp-json\/wp\/v2\/users\/1"}],"replies":[{"embeddable":true,"href":"https:\/\/www.macmillaneducation.es\/iberia\/wp-json\/wp\/v2\/comments?post=28602"}],"version-history":[{"count":51,"href":"https:\/\/www.macmillaneducation.es\/iberia\/wp-json\/wp\/v2\/pages\/28602\/revisions"}],"predecessor-version":[{"id":40146,"href":"https:\/\/www.macmillaneducation.es\/iberia\/wp-json\/wp\/v2\/pages\/28602\/revisions\/40146"}],"up":[{"embeddable":true,"href":"https:\/\/www.macmillaneducation.es\/iberia\/wp-json\/wp\/v2\/pages\/28187"}],"wp:attachment":[{"href":"https:\/\/www.macmillaneducation.es\/iberia\/wp-json\/wp\/v2\/media?parent=28602"}],"curies":[{"name":"wp","href":"https:\/\/api.w.org\/{rel}","templated":true}]}}