{"id":24467,"date":"2021-03-30T00:00:15","date_gmt":"2021-03-30T00:00:15","guid":{"rendered":"https:\/\/www.macmillaneducation.es\/iberia\/?page_id=24467"},"modified":"2021-10-29T12:50:29","modified_gmt":"2021-10-29T12:50:29","slug":"divulgacion-ods-14","status":"publish","type":"page","link":"https:\/\/www.macmillaneducation.es\/iberia\/ods\/divulgacion-ods-14\/","title":{"rendered":"Divulgacion ods 14"},"content":{"rendered":"\t\t<div data-elementor-type=\"wp-page\" data-elementor-id=\"24467\" class=\"elementor elementor-24467\" data-elementor-settings=\"[]\">\n\t\t\t\t\t\t<div class=\"elementor-inner\">\n\t\t\t\t\t\t\t<div class=\"elementor-section-wrap\">\n\t\t\t\t\t\t\t<section class=\"elementor-section elementor-top-section elementor-element elementor-element-96b1046 elementor-section-boxed elementor-section-height-default elementor-section-height-default parallax_section_no qode_elementor_container_no\" data-id=\"96b1046\" data-element_type=\"section\">\n\t\t\t\t\t\t<div class=\"elementor-container elementor-column-gap-default\">\n\t\t\t\t\t\t\t<div class=\"elementor-row\">\n\t\t\t\t\t<div class=\"elementor-column elementor-col-100 elementor-top-column elementor-element elementor-element-c675152\" data-id=\"c675152\" data-element_type=\"column\">\n\t\t\t<div class=\"elementor-column-wrap elementor-element-populated\">\n\t\t\t\t\t\t\t<div class=\"elementor-widget-wrap\">\n\t\t\t\t\t\t<div class=\"elementor-element elementor-element-e734616 elementor-widget elementor-widget-image\" data-id=\"e734616\" data-element_type=\"widget\" data-widget_type=\"image.default\">\n\t\t\t\t<div class=\"elementor-widget-container\">\n\t\t\t\t\t\t\t\t<div class=\"elementor-image\">\n\t\t\t\t\t\t\t\t\t\t\t\t<img width=\"1024\" height=\"460\" src=\"https:\/\/www.macmillaneducation.es\/iberia\/wp-content\/uploads\/2021\/03\/14.-Vida-submarina-1024x460.png\" class=\"attachment-large size-large\" alt=\"\" loading=\"lazy\" srcset=\"https:\/\/www.macmillaneducation.es\/iberia\/wp-content\/uploads\/2021\/03\/14.-Vida-submarina-1024x460.png 1024w, https:\/\/www.macmillaneducation.es\/iberia\/wp-content\/uploads\/2021\/03\/14.-Vida-submarina-300x135.png 300w, https:\/\/www.macmillaneducation.es\/iberia\/wp-content\/uploads\/2021\/03\/14.-Vida-submarina-768x345.png 768w, https:\/\/www.macmillaneducation.es\/iberia\/wp-content\/uploads\/2021\/03\/14.-Vida-submarina-700x314.png 700w, https:\/\/www.macmillaneducation.es\/iberia\/wp-content\/uploads\/2021\/03\/14.-Vida-submarina-600x269.png 600w, https:\/\/www.macmillaneducation.es\/iberia\/wp-content\/uploads\/2021\/03\/14.-Vida-submarina.png 1522w\" sizes=\"(max-width: 1024px) 100vw, 1024px\" \/>\t\t\t\t\t\t\t\t\t\t\t\t\t\t<\/div>\n\t\t\t\t\t\t<\/div>\n\t\t\t\t<\/div>\n\t\t\t\t\t\t<\/div>\n\t\t\t\t\t<\/div>\n\t\t<\/div>\n\t\t\t\t\t\t\t\t<\/div>\n\t\t\t\t\t<\/div>\n\t\t<\/section>\n\t\t\t\t<section class=\"elementor-section elementor-top-section elementor-element elementor-element-744c9c7 elementor-section-boxed elementor-section-height-default elementor-section-height-default parallax_section_no qode_elementor_container_no\" data-id=\"744c9c7\" data-element_type=\"section\">\n\t\t\t\t\t\t<div class=\"elementor-container elementor-column-gap-default\">\n\t\t\t\t\t\t\t<div class=\"elementor-row\">\n\t\t\t\t\t<div class=\"elementor-column elementor-col-100 elementor-top-column elementor-element elementor-element-195733c\" data-id=\"195733c\" data-element_type=\"column\">\n\t\t\t<div class=\"elementor-column-wrap elementor-element-populated\">\n\t\t\t\t\t\t\t<div class=\"elementor-widget-wrap\">\n\t\t\t\t\t\t<div class=\"elementor-element elementor-element-6c414a0 elementor-widget elementor-widget-text-editor\" data-id=\"6c414a0\" data-element_type=\"widget\" data-widget_type=\"text-editor.default\">\n\t\t\t\t<div class=\"elementor-widget-container\">\n\t\t\t\t\t\t\t\t<div class=\"elementor-text-editor elementor-clearfix\">\n\t\t\t\t\t<h4>En Macmillan llevamos tiempo comprometidos con la responsabilidad social corporativa, y se plasma en la edici\u00f3n de los libros de los distintos fondos editoriales, (ingl\u00e9s, franc\u00e9s, alem\u00e1n, ciclos formativos y ByME) donde se fomentan actividades focalizadas a impulsar el conocimiento y puesta en pr\u00e1ctica de los ODS.<\/h4><h4>\u00a0<\/h4><h4>Desde <strong>#compromisoMacmillan<\/strong>, hemos recopilado algunos de los ejemplos dentro de los t\u00edtulos que hacen referencia a cada ODS.<\/h4>\t\t\t\t\t<\/div>\n\t\t\t\t\t\t<\/div>\n\t\t\t\t<\/div>\n\t\t\t\t\t\t<\/div>\n\t\t\t\t\t<\/div>\n\t\t<\/div>\n\t\t\t\t\t\t\t\t<\/div>\n\t\t\t\t\t<\/div>\n\t\t<\/section>\n\t\t\t\t<section class=\"elementor-section elementor-top-section elementor-element elementor-element-bd9d77a elementor-section-boxed elementor-section-height-default elementor-section-height-default parallax_section_no qode_elementor_container_no\" data-id=\"bd9d77a\" data-element_type=\"section\">\n\t\t\t\t\t\t<div class=\"elementor-container elementor-column-gap-default\">\n\t\t\t\t\t\t\t<div class=\"elementor-row\">\n\t\t\t\t\t<div class=\"elementor-column elementor-col-100 elementor-top-column elementor-element elementor-element-7de75b6\" data-id=\"7de75b6\" data-element_type=\"column\">\n\t\t\t<div class=\"elementor-column-wrap elementor-element-populated\">\n\t\t\t\t\t\t\t<div class=\"elementor-widget-wrap\">\n\t\t\t\t\t\t<section class=\"elementor-section elementor-inner-section elementor-element elementor-element-e07ac84 animated-slow elementor-section-boxed elementor-section-height-default elementor-section-height-default parallax_section_no qode_elementor_container_no elementor-invisible\" data-id=\"e07ac84\" data-element_type=\"section\" data-settings=\"{&quot;background_background&quot;:&quot;classic&quot;,&quot;animation&quot;:&quot;slideInLeft&quot;}\">\n\t\t\t\t\t\t<div class=\"elementor-container elementor-column-gap-default\">\n\t\t\t\t\t\t\t<div class=\"elementor-row\">\n\t\t\t\t\t<div class=\"elementor-column elementor-col-66 elementor-inner-column elementor-element elementor-element-9ae6700\" data-id=\"9ae6700\" data-element_type=\"column\">\n\t\t\t<div class=\"elementor-column-wrap elementor-element-populated\">\n\t\t\t\t\t\t\t<div class=\"elementor-widget-wrap\">\n\t\t\t\t\t\t<div class=\"elementor-element elementor-element-c3cf899 elementor-widget elementor-widget-image\" data-id=\"c3cf899\" data-element_type=\"widget\" data-settings=\"{&quot;motion_fx_motion_fx_scrolling&quot;:&quot;yes&quot;,&quot;_animation&quot;:&quot;none&quot;,&quot;motion_fx_devices&quot;:[&quot;desktop&quot;,&quot;tablet&quot;,&quot;mobile&quot;]}\" data-widget_type=\"image.default\">\n\t\t\t\t<div class=\"elementor-widget-container\">\n\t\t\t\t\t\t\t\t<div class=\"elementor-image\">\n\t\t\t\t\t\t\t\t\t\t\t\t<img width=\"769\" height=\"800\" src=\"https:\/\/www.macmillaneducation.es\/iberia\/wp-content\/uploads\/2021\/03\/14.-Ejemplo-vida-submarina.png\" class=\"attachment-large size-large\" alt=\"\" loading=\"lazy\" srcset=\"https:\/\/www.macmillaneducation.es\/iberia\/wp-content\/uploads\/2021\/03\/14.-Ejemplo-vida-submarina.png 769w, https:\/\/www.macmillaneducation.es\/iberia\/wp-content\/uploads\/2021\/03\/14.-Ejemplo-vida-submarina-288x300.png 288w, https:\/\/www.macmillaneducation.es\/iberia\/wp-content\/uploads\/2021\/03\/14.-Ejemplo-vida-submarina-700x728.png 700w, https:\/\/www.macmillaneducation.es\/iberia\/wp-content\/uploads\/2021\/03\/14.-Ejemplo-vida-submarina-600x624.png 600w\" sizes=\"(max-width: 769px) 100vw, 769px\" \/>\t\t\t\t\t\t\t\t\t\t\t\t\t\t<\/div>\n\t\t\t\t\t\t<\/div>\n\t\t\t\t<\/div>\n\t\t\t\t\t\t<\/div>\n\t\t\t\t\t<\/div>\n\t\t<\/div>\n\t\t\t\t<div class=\"elementor-column elementor-col-33 elementor-inner-column elementor-element elementor-element-93d26bd\" data-id=\"93d26bd\" data-element_type=\"column\">\n\t\t\t<div class=\"elementor-column-wrap elementor-element-populated\">\n\t\t\t\t\t\t\t<div class=\"elementor-widget-wrap\">\n\t\t\t\t\t\t<div class=\"elementor-element elementor-element-ca9b979 elementor-widget elementor-widget-text-editor\" data-id=\"ca9b979\" data-element_type=\"widget\" data-widget_type=\"text-editor.default\">\n\t\t\t\t<div class=\"elementor-widget-container\">\n\t\t\t\t\t\t\t\t<div class=\"elementor-text-editor elementor-clearfix\">\n\t\t\t\t\t<p style=\"text-align: center;\"><span style=\"font-weight: 400;\">En el libro de ingl\u00e9s de Secundaria, <\/span><strong><i>Influence 3 p\u00e1gina 65<\/i><\/strong><span style=\"font-weight: 400;\">, podemos ver un ejemplo de c\u00f3mo contribuir a la consecuci\u00f3n del ODS 14.<\/span><\/p>\t\t\t\t\t<\/div>\n\t\t\t\t\t\t<\/div>\n\t\t\t\t<\/div>\n\t\t\t\t\t\t<\/div>\n\t\t\t\t\t<\/div>\n\t\t<\/div>\n\t\t\t\t\t\t\t\t<\/div>\n\t\t\t\t\t<\/div>\n\t\t<\/section>\n\t\t\t\t<div class=\"elementor-element elementor-element-4afcccf elementor-widget elementor-widget-spacer\" data-id=\"4afcccf\" data-element_type=\"widget\" data-widget_type=\"spacer.default\">\n\t\t\t\t<div class=\"elementor-widget-container\">\n\t\t\t\t\t<div class=\"elementor-spacer\">\n\t\t\t<div class=\"elementor-spacer-inner\"><\/div>\n\t\t<\/div>\n\t\t\t\t<\/div>\n\t\t\t\t<\/div>\n\t\t\t\t<section class=\"elementor-section elementor-inner-section elementor-element elementor-element-23efa72 elementor-section-content-middle animated-slow elementor-section-boxed elementor-section-height-default elementor-section-height-default parallax_section_no qode_elementor_container_no elementor-invisible\" data-id=\"23efa72\" data-element_type=\"section\" data-settings=\"{&quot;animation&quot;:&quot;slideInRight&quot;}\">\n\t\t\t\t\t\t<div class=\"elementor-container elementor-column-gap-default\">\n\t\t\t\t\t\t\t<div class=\"elementor-row\">\n\t\t\t\t\t<div class=\"elementor-column elementor-col-50 elementor-inner-column elementor-element elementor-element-a953c22\" data-id=\"a953c22\" data-element_type=\"column\">\n\t\t\t<div class=\"elementor-column-wrap elementor-element-populated\">\n\t\t\t\t\t\t\t<div class=\"elementor-widget-wrap\">\n\t\t\t\t\t\t<div class=\"elementor-element elementor-element-497cecf elementor-widget elementor-widget-image\" data-id=\"497cecf\" data-element_type=\"widget\" data-widget_type=\"image.default\">\n\t\t\t\t<div class=\"elementor-widget-container\">\n\t\t\t\t\t\t\t\t<div class=\"elementor-image\">\n\t\t\t\t\t\t\t\t\t\t\t\t<img width=\"1024\" height=\"419\" src=\"https:\/\/www.macmillaneducation.es\/iberia\/wp-content\/uploads\/2021\/03\/Influence-banner-1024x419.png\" class=\"attachment-large size-large\" alt=\"\" loading=\"lazy\" srcset=\"https:\/\/www.macmillaneducation.es\/iberia\/wp-content\/uploads\/2021\/03\/Influence-banner-1024x419.png 1024w, https:\/\/www.macmillaneducation.es\/iberia\/wp-content\/uploads\/2021\/03\/Influence-banner-300x123.png 300w, https:\/\/www.macmillaneducation.es\/iberia\/wp-content\/uploads\/2021\/03\/Influence-banner-768x314.png 768w, https:\/\/www.macmillaneducation.es\/iberia\/wp-content\/uploads\/2021\/03\/Influence-banner-1536x628.png 1536w, https:\/\/www.macmillaneducation.es\/iberia\/wp-content\/uploads\/2021\/03\/Influence-banner-700x286.png 700w, https:\/\/www.macmillaneducation.es\/iberia\/wp-content\/uploads\/2021\/03\/Influence-banner-600x245.png 600w, https:\/\/www.macmillaneducation.es\/iberia\/wp-content\/uploads\/2021\/03\/Influence-banner.png 1685w\" sizes=\"(max-width: 1024px) 100vw, 1024px\" \/>\t\t\t\t\t\t\t\t\t\t\t\t\t\t<\/div>\n\t\t\t\t\t\t<\/div>\n\t\t\t\t<\/div>\n\t\t\t\t<div class=\"elementor-element elementor-element-71b6d8c elementor-button-info elementor-align-center elementor-widget elementor-widget-button\" data-id=\"71b6d8c\" data-element_type=\"widget\" data-widget_type=\"button.default\">\n\t\t\t\t<div class=\"elementor-widget-container\">\n\t\t\t\t\t<div class=\"elementor-button-wrapper\">\n\t\t\t<a href=\"https:\/\/www.macmillaneducation.es\/en\/elt\/secondary\/choose-your-version\/influence\/\" target=\"_blank\" class=\"elementor-button-link elementor-button elementor-size-sm\" role=\"button\">\n\t\t\t\t\t\t<span class=\"elementor-button-content-wrapper\">\n\t\t\t\t\t\t<span class=\"elementor-button-icon elementor-align-icon-left\">\n\t\t\t\t<i aria-hidden=\"true\" class=\"far fa-file-alt\"><\/i>\t\t\t<\/span>\n\t\t\t\t\t\t<span class=\"elementor-button-text\">M\u00e1s informaci\u00f3n<\/span>\n\t\t<\/span>\n\t\t\t\t\t<\/a>\n\t\t<\/div>\n\t\t\t\t<\/div>\n\t\t\t\t<\/div>\n\t\t\t\t\t\t<\/div>\n\t\t\t\t\t<\/div>\n\t\t<\/div>\n\t\t\t\t<div class=\"elementor-column elementor-col-50 elementor-inner-column elementor-element elementor-element-bda2403\" data-id=\"bda2403\" data-element_type=\"column\">\n\t\t\t<div class=\"elementor-column-wrap elementor-element-populated\">\n\t\t\t\t\t\t\t<div class=\"elementor-widget-wrap\">\n\t\t\t\t\t\t<div class=\"elementor-element elementor-element-093b510 elementor-widget elementor-widget-image\" data-id=\"093b510\" data-element_type=\"widget\" data-widget_type=\"image.default\">\n\t\t\t\t<div class=\"elementor-widget-container\">\n\t\t\t\t\t\t\t\t<div class=\"elementor-image\">\n\t\t\t\t\t\t\t\t\t\t\t\t\t<a href=\"https:\/\/www.macmillaneducation.es\/en\/elt\/secondary\/choose-your-version\/influence\/\" target=\"_blank\">\n\t\t\t\t\t\t\t<img width=\"300\" height=\"300\" src=\"https:\/\/www.macmillaneducation.es\/iberia\/wp-content\/uploads\/2021\/03\/Influence-3-300x300.png\" class=\"attachment-medium size-medium\" alt=\"\" loading=\"lazy\" srcset=\"https:\/\/www.macmillaneducation.es\/iberia\/wp-content\/uploads\/2021\/03\/Influence-3-300x300.png 300w, https:\/\/www.macmillaneducation.es\/iberia\/wp-content\/uploads\/2021\/03\/Influence-3-150x150.png 150w, https:\/\/www.macmillaneducation.es\/iberia\/wp-content\/uploads\/2021\/03\/Influence-3-768x768.png 768w, https:\/\/www.macmillaneducation.es\/iberia\/wp-content\/uploads\/2021\/03\/Influence-3-570x570.png 570w, https:\/\/www.macmillaneducation.es\/iberia\/wp-content\/uploads\/2021\/03\/Influence-3-500x500.png 500w, https:\/\/www.macmillaneducation.es\/iberia\/wp-content\/uploads\/2021\/03\/Influence-3-700x700.png 700w, https:\/\/www.macmillaneducation.es\/iberia\/wp-content\/uploads\/2021\/03\/Influence-3-600x600.png 600w, https:\/\/www.macmillaneducation.es\/iberia\/wp-content\/uploads\/2021\/03\/Influence-3-100x100.png 100w, https:\/\/www.macmillaneducation.es\/iberia\/wp-content\/uploads\/2021\/03\/Influence-3.png 800w\" sizes=\"(max-width: 300px) 100vw, 300px\" \/>\t\t\t\t\t\t\t\t<\/a>\n\t\t\t\t\t\t\t\t\t\t\t\t\t\t<\/div>\n\t\t\t\t\t\t<\/div>\n\t\t\t\t<\/div>\n\t\t\t\t\t\t<\/div>\n\t\t\t\t\t<\/div>\n\t\t<\/div>\n\t\t\t\t\t\t\t\t<\/div>\n\t\t\t\t\t<\/div>\n\t\t<\/section>\n\t\t\t\t\t\t<\/div>\n\t\t\t\t\t<\/div>\n\t\t<\/div>\n\t\t\t\t\t\t\t\t<\/div>\n\t\t\t\t\t<\/div>\n\t\t<\/section>\n\t\t\t\t<section class=\"elementor-section elementor-top-section elementor-element elementor-element-01a225b elementor-section-boxed elementor-section-height-default elementor-section-height-default parallax_section_no qode_elementor_container_no\" data-id=\"01a225b\" data-element_type=\"section\">\n\t\t\t\t\t\t<div class=\"elementor-container elementor-column-gap-default\">\n\t\t\t\t\t\t\t<div class=\"elementor-row\">\n\t\t\t\t\t<div class=\"elementor-column elementor-col-100 elementor-top-column elementor-element elementor-element-f5e8ec3\" data-id=\"f5e8ec3\" data-element_type=\"column\">\n\t\t\t<div class=\"elementor-column-wrap elementor-element-populated\">\n\t\t\t\t\t\t\t<div class=\"elementor-widget-wrap\">\n\t\t\t\t\t\t<div class=\"elementor-element elementor-element-e917743 elementor-widget elementor-widget-spacer\" data-id=\"e917743\" data-element_type=\"widget\" data-widget_type=\"spacer.default\">\n\t\t\t\t<div class=\"elementor-widget-container\">\n\t\t\t\t\t<div class=\"elementor-spacer\">\n\t\t\t<div class=\"elementor-spacer-inner\"><\/div>\n\t\t<\/div>\n\t\t\t\t<\/div>\n\t\t\t\t<\/div>\n\t\t\t\t<div class=\"elementor-element elementor-element-88ce0b2 elementor-align-center elementor-widget elementor-widget-button\" data-id=\"88ce0b2\" data-element_type=\"widget\" data-settings=\"{&quot;motion_fx_motion_fx_scrolling&quot;:&quot;yes&quot;,&quot;motion_fx_scale_effect&quot;:&quot;yes&quot;,&quot;motion_fx_scale_direction&quot;:&quot;out-in&quot;,&quot;motion_fx_scale_speed&quot;:{&quot;unit&quot;:&quot;px&quot;,&quot;size&quot;:4,&quot;sizes&quot;:[]},&quot;motion_fx_scale_range&quot;:{&quot;unit&quot;:&quot;%&quot;,&quot;size&quot;:&quot;&quot;,&quot;sizes&quot;:{&quot;start&quot;:20,&quot;end&quot;:80}},&quot;motion_fx_devices&quot;:[&quot;desktop&quot;,&quot;tablet&quot;,&quot;mobile&quot;]}\" data-widget_type=\"button.default\">\n\t\t\t\t<div class=\"elementor-widget-container\">\n\t\t\t\t\t<div class=\"elementor-button-wrapper\">\n\t\t\t<a href=\"https:\/\/es.surveymonkey.com\/r\/8TZTB3Y\" target=\"_blank\" class=\"elementor-button-link elementor-button elementor-size-lg elementor-animation-shrink\" role=\"button\">\n\t\t\t\t\t\t<span class=\"elementor-button-content-wrapper\">\n\t\t\t\t\t\t<span class=\"elementor-button-icon elementor-align-icon-right\">\n\t\t\t\t<i aria-hidden=\"true\" class=\"fas fa-vote-yea\"><\/i>\t\t\t<\/span>\n\t\t\t\t\t\t<span class=\"elementor-button-text\">\u00a1Queremos saber tu opini\u00f3n sobre los ODS!<\/span>\n\t\t<\/span>\n\t\t\t\t\t<\/a>\n\t\t<\/div>\n\t\t\t\t<\/div>\n\t\t\t\t<\/div>\n\t\t\t\t<div class=\"elementor-element elementor-element-d28be36 elementor-widget elementor-widget-spacer\" data-id=\"d28be36\" data-element_type=\"widget\" data-widget_type=\"spacer.default\">\n\t\t\t\t<div class=\"elementor-widget-container\">\n\t\t\t\t\t<div class=\"elementor-spacer\">\n\t\t\t<div class=\"elementor-spacer-inner\"><\/div>\n\t\t<\/div>\n\t\t\t\t<\/div>\n\t\t\t\t<\/div>\n\t\t\t\t<div class=\"elementor-element elementor-element-381f5ec elementor-widget elementor-widget-heading\" data-id=\"381f5ec\" data-element_type=\"widget\" data-widget_type=\"heading.default\">\n\t\t\t\t<div class=\"elementor-widget-container\">\n\t\t\t<h2 class=\"elementor-heading-title elementor-size-default\">VER OTROS EJEMPLOS SOBRE DIVULGACI\u00d3N DE LOS ODS EN MACMILLAN<\/h2>\t\t<\/div>\n\t\t\t\t<\/div>\n\t\t\t\t\t\t<\/div>\n\t\t\t\t\t<\/div>\n\t\t<\/div>\n\t\t\t\t\t\t\t\t<\/div>\n\t\t\t\t\t<\/div>\n\t\t<\/section>\n\t\t\t\t<section class=\"elementor-section elementor-top-section elementor-element elementor-element-9c31551 elementor-section-boxed elementor-section-height-default elementor-section-height-default parallax_section_no qode_elementor_container_no\" data-id=\"9c31551\" data-element_type=\"section\">\n\t\t\t\t\t\t<div class=\"elementor-container elementor-column-gap-default\">\n\t\t\t\t\t\t\t<div class=\"elementor-row\">\n\t\t\t\t\t<div class=\"elementor-column elementor-col-25 elementor-top-column elementor-element elementor-element-077ad73\" data-id=\"077ad73\" data-element_type=\"column\">\n\t\t\t<div class=\"elementor-column-wrap\">\n\t\t\t\t\t\t\t<div class=\"elementor-widget-wrap\">\n\t\t\t\t\t\t\t\t<\/div>\n\t\t\t\t\t<\/div>\n\t\t<\/div>\n\t\t\t\t<div class=\"elementor-column elementor-col-25 elementor-top-column elementor-element elementor-element-6c8d8fe\" data-id=\"6c8d8fe\" data-element_type=\"column\">\n\t\t\t<div class=\"elementor-column-wrap elementor-element-populated\">\n\t\t\t\t\t\t\t<div class=\"elementor-widget-wrap\">\n\t\t\t\t\t\t<div class=\"elementor-element elementor-element-ef771b0 elementor-widget elementor-widget-bridge_image_with_text_over\" data-id=\"ef771b0\" data-element_type=\"widget\" data-widget_type=\"bridge_image_with_text_over.default\">\n\t\t\t\t<div class=\"elementor-widget-container\">\n\t\t\t<div class=\"q_image_with_text_over q_iwto_hover\"><div class=\"shader\" style = \"background-color: rgba(181, 11, 11, 0)\"><\/div><div class=\"shader_hover\" style=\"background-color: #407F46\"><\/div><img itemprop=\"image\" src=\"https:\/\/www.macmillaneducation.es\/iberia\/wp-content\/uploads\/2021\/03\/13.png\" alt=\"\" \/><div class=\"text\"><table><tr><td><h3 class=\"caption no_icon\" style=\"color: #FFFFFF;font-size: 30px;\"><\/h3><\/td><\/tr><\/table><table><tr><td><div class=\"desc\"><h3 style=\"text-align: center;\"><span style=\"color: #ffffff;\">EJEMPLO DE DIVULGACI\u00d3N 13: ACCI\u00d3N POR EL CLIMA<\/span><\/h3>\n<p style=\"text-align: center;\"><span style=\"color: #ffffff;\"><a style=\"color: #ffffff;\" href=\"https:\/\/www.macmillaneducation.es\/iberia\/ods\/divulgacion-ods-13\/\" target=\"_blank\" rel=\"noopener\"><span style=\"text-decoration: underline;\"><strong>VER M\u00c1S<\/strong><\/span><\/a><\/span><\/p><\/div><\/td><\/tr><\/table><\/div><\/div>\t\t<\/div>\n\t\t\t\t<\/div>\n\t\t\t\t\t\t<\/div>\n\t\t\t\t\t<\/div>\n\t\t<\/div>\n\t\t\t\t<div class=\"elementor-column elementor-col-25 elementor-top-column elementor-element elementor-element-8ce8c81\" data-id=\"8ce8c81\" data-element_type=\"column\">\n\t\t\t<div class=\"elementor-column-wrap elementor-element-populated\">\n\t\t\t\t\t\t\t<div class=\"elementor-widget-wrap\">\n\t\t\t\t\t\t<div class=\"elementor-element elementor-element-62086e0 elementor-widget elementor-widget-bridge_image_with_text_over\" data-id=\"62086e0\" data-element_type=\"widget\" data-widget_type=\"bridge_image_with_text_over.default\">\n\t\t\t\t<div class=\"elementor-widget-container\">\n\t\t\t<div class=\"q_image_with_text_over q_iwto_hover\"><div class=\"shader\" style = \"background-color: rgba(181, 11, 11, 0)\"><\/div><div class=\"shader_hover\" style=\"background-color: #59BA47\"><\/div><img itemprop=\"image\" src=\"https:\/\/www.macmillaneducation.es\/iberia\/wp-content\/uploads\/2021\/03\/15.png\" alt=\"\" \/><div class=\"text\"><table><tr><td><h3 class=\"caption no_icon\" style=\"color: #FFFFFF;font-size: 30px;\"><\/h3><\/td><\/tr><\/table><table><tr><td><div class=\"desc\"><h3 style=\"text-align: center;\"><span style=\"color: #ffffff;\">EJEMPLO DE DIVULGACI\u00d3N 15: VIDA DE ECOSISTEMAS TERRESTRES<\/span><\/h3>\n<p style=\"text-align: center;\"><a href=\"https:\/\/www.macmillaneducation.es\/iberia\/ods\/divulgacion-ods-15\/\"><span style=\"color: #ffffff;\"><span style=\"text-decoration: underline;\"><strong><span style=\"color: #ffffff; text-decoration: underline;\">VER M\u00c1S<\/span><\/strong><\/span><\/span><\/a><\/p><\/div><\/td><\/tr><\/table><\/div><\/div>\t\t<\/div>\n\t\t\t\t<\/div>\n\t\t\t\t\t\t<\/div>\n\t\t\t\t\t<\/div>\n\t\t<\/div>\n\t\t\t\t<div class=\"elementor-column elementor-col-25 elementor-top-column elementor-element elementor-element-eb7d500\" data-id=\"eb7d500\" data-element_type=\"column\">\n\t\t\t<div class=\"elementor-column-wrap\">\n\t\t\t\t\t\t\t<div class=\"elementor-widget-wrap\">\n\t\t\t\t\t\t\t\t<\/div>\n\t\t\t\t\t<\/div>\n\t\t<\/div>\n\t\t\t\t\t\t\t\t<\/div>\n\t\t\t\t\t<\/div>\n\t\t<\/section>\n\t\t\t\t<section class=\"elementor-section elementor-top-section elementor-element elementor-element-2836c66 elementor-section-boxed elementor-section-height-default elementor-section-height-default parallax_section_no qode_elementor_container_no\" data-id=\"2836c66\" data-element_type=\"section\">\n\t\t\t\t\t\t<div class=\"elementor-container elementor-column-gap-default\">\n\t\t\t\t\t\t\t<div class=\"elementor-row\">\n\t\t\t\t\t<div class=\"elementor-column elementor-col-100 elementor-top-column elementor-element elementor-element-e73108e\" data-id=\"e73108e\" data-element_type=\"column\">\n\t\t\t<div class=\"elementor-column-wrap elementor-element-populated\">\n\t\t\t\t\t\t\t<div class=\"elementor-widget-wrap\">\n\t\t\t\t\t\t<div class=\"elementor-element elementor-element-07612ea elementor-widget elementor-widget-image\" data-id=\"07612ea\" data-element_type=\"widget\" data-widget_type=\"image.default\">\n\t\t\t\t<div class=\"elementor-widget-container\">\n\t\t\t\t\t\t\t\t<div class=\"elementor-image\">\n\t\t\t\t\t\t\t\t\t\t\t\t<img width=\"1024\" height=\"214\" src=\"https:\/\/www.macmillaneducation.es\/iberia\/wp-content\/uploads\/2021\/10\/footer_01-1024x214.png\" class=\"attachment-large size-large\" alt=\"\" loading=\"lazy\" srcset=\"https:\/\/www.macmillaneducation.es\/iberia\/wp-content\/uploads\/2021\/10\/footer_01-1024x214.png 1024w, https:\/\/www.macmillaneducation.es\/iberia\/wp-content\/uploads\/2021\/10\/footer_01-300x63.png 300w, https:\/\/www.macmillaneducation.es\/iberia\/wp-content\/uploads\/2021\/10\/footer_01-768x160.png 768w, https:\/\/www.macmillaneducation.es\/iberia\/wp-content\/uploads\/2021\/10\/footer_01-1536x321.png 1536w, https:\/\/www.macmillaneducation.es\/iberia\/wp-content\/uploads\/2021\/10\/footer_01-700x146.png 700w, https:\/\/www.macmillaneducation.es\/iberia\/wp-content\/uploads\/2021\/10\/footer_01-600x125.png 600w, https:\/\/www.macmillaneducation.es\/iberia\/wp-content\/uploads\/2021\/10\/footer_01.png 1600w\" sizes=\"(max-width: 1024px) 100vw, 1024px\" \/>\t\t\t\t\t\t\t\t\t\t\t\t\t\t<\/div>\n\t\t\t\t\t\t<\/div>\n\t\t\t\t<\/div>\n\t\t\t\t\t\t<\/div>\n\t\t\t\t\t<\/div>\n\t\t<\/div>\n\t\t\t\t\t\t\t\t<\/div>\n\t\t\t\t\t<\/div>\n\t\t<\/section>\n\t\t\t\t\t\t<\/div>\n\t\t\t\t\t\t<\/div>\n\t\t\t\t\t<\/div>\n\t\t","protected":false},"excerpt":{"rendered":"<p>En Macmillan llevamos tiempo comprometidos con la responsabilidad social corporativa, y se plasma en la edici\u00f3n de los libros de los distintos fondos editoriales, (ingl\u00e9s, franc\u00e9s, alem\u00e1n, ciclos formativos y ByME) donde se fomentan actividades focalizadas a impulsar el conocimiento y puesta en pr\u00e1ctica de&#8230;<\/p>\n","protected":false},"author":1,"featured_media":0,"parent":20934,"menu_order":2,"comment_status":"closed","ping_status":"closed","template":"","meta":[],"_links":{"self":[{"href":"https:\/\/www.macmillaneducation.es\/iberia\/wp-json\/wp\/v2\/pages\/24467"}],"collection":[{"href":"https:\/\/www.macmillaneducation.es\/iberia\/wp-json\/wp\/v2\/pages"}],"about":[{"href":"https:\/\/www.macmillaneducation.es\/iberia\/wp-json\/wp\/v2\/types\/page"}],"author":[{"embeddable":true,"href":"https:\/\/www.macmillaneducation.es\/iberia\/wp-json\/wp\/v2\/users\/1"}],"replies":[{"embeddable":true,"href":"https:\/\/www.macmillaneducation.es\/iberia\/wp-json\/wp\/v2\/comments?post=24467"}],"version-history":[{"count":17,"href":"https:\/\/www.macmillaneducation.es\/iberia\/wp-json\/wp\/v2\/pages\/24467\/revisions"}],"predecessor-version":[{"id":30224,"href":"https:\/\/www.macmillaneducation.es\/iberia\/wp-json\/wp\/v2\/pages\/24467\/revisions\/30224"}],"up":[{"embeddable":true,"href":"https:\/\/www.macmillaneducation.es\/iberia\/wp-json\/wp\/v2\/pages\/20934"}],"wp:attachment":[{"href":"https:\/\/www.macmillaneducation.es\/iberia\/wp-json\/wp\/v2\/media?parent=24467"}],"curies":[{"name":"wp","href":"https:\/\/api.w.org\/{rel}","templated":true}]}}