{"id":21029,"date":"2020-11-19T07:57:32","date_gmt":"2020-11-19T07:57:32","guid":{"rendered":"https:\/\/www.macmillaneducation.es\/iberia\/?page_id=21029"},"modified":"2023-06-15T10:49:08","modified_gmt":"2023-06-15T10:49:08","slug":"change-makers","status":"publish","type":"page","link":"https:\/\/www.macmillaneducation.es\/iberia\/ods\/change-makers\/","title":{"rendered":"CHANGE MAKERS"},"content":{"rendered":"\t\t<div data-elementor-type=\"wp-page\" data-elementor-id=\"21029\" class=\"elementor elementor-21029\" data-elementor-settings=\"[]\">\n\t\t\t\t\t\t<div class=\"elementor-inner\">\n\t\t\t\t\t\t\t<div class=\"elementor-section-wrap\">\n\t\t\t\t\t\t\t<section class=\"elementor-section elementor-top-section elementor-element elementor-element-031967c elementor-section-boxed elementor-section-height-default elementor-section-height-default parallax_section_no qode_elementor_container_no\" data-id=\"031967c\" data-element_type=\"section\">\n\t\t\t\t\t\t<div class=\"elementor-container elementor-column-gap-default\">\n\t\t\t\t\t\t\t<div class=\"elementor-row\">\n\t\t\t\t\t<div class=\"elementor-column elementor-col-100 elementor-top-column elementor-element elementor-element-f09300f\" data-id=\"f09300f\" data-element_type=\"column\">\n\t\t\t<div class=\"elementor-column-wrap elementor-element-populated\">\n\t\t\t\t\t\t\t<div class=\"elementor-widget-wrap\">\n\t\t\t\t\t\t<div class=\"elementor-element elementor-element-e5a75c7 elementor-widget elementor-widget-image\" data-id=\"e5a75c7\" data-element_type=\"widget\" data-widget_type=\"image.default\">\n\t\t\t\t<div class=\"elementor-widget-container\">\n\t\t\t\t\t\t\t\t<div class=\"elementor-image\">\n\t\t\t\t\t\t\t\t\t\t\t\t<img width=\"1024\" height=\"528\" src=\"https:\/\/www.macmillaneducation.es\/iberia\/wp-content\/uploads\/2023\/06\/CHANGE-MAKERS_ODS-1024x528.png\" class=\"attachment-large size-large\" alt=\"\" loading=\"lazy\" srcset=\"https:\/\/www.macmillaneducation.es\/iberia\/wp-content\/uploads\/2023\/06\/CHANGE-MAKERS_ODS-1024x528.png 1024w, https:\/\/www.macmillaneducation.es\/iberia\/wp-content\/uploads\/2023\/06\/CHANGE-MAKERS_ODS-300x155.png 300w, https:\/\/www.macmillaneducation.es\/iberia\/wp-content\/uploads\/2023\/06\/CHANGE-MAKERS_ODS-768x396.png 768w, https:\/\/www.macmillaneducation.es\/iberia\/wp-content\/uploads\/2023\/06\/CHANGE-MAKERS_ODS-1536x792.png 1536w, https:\/\/www.macmillaneducation.es\/iberia\/wp-content\/uploads\/2023\/06\/CHANGE-MAKERS_ODS-700x361.png 700w, https:\/\/www.macmillaneducation.es\/iberia\/wp-content\/uploads\/2023\/06\/CHANGE-MAKERS_ODS-600x309.png 600w, https:\/\/www.macmillaneducation.es\/iberia\/wp-content\/uploads\/2023\/06\/CHANGE-MAKERS_ODS.png 1748w\" sizes=\"(max-width: 1024px) 100vw, 1024px\" \/>\t\t\t\t\t\t\t\t\t\t\t\t\t\t<\/div>\n\t\t\t\t\t\t<\/div>\n\t\t\t\t<\/div>\n\t\t\t\t<div class=\"elementor-element elementor-element-128eef4 elementor-widget elementor-widget-text-editor\" data-id=\"128eef4\" data-element_type=\"widget\" data-widget_type=\"text-editor.default\">\n\t\t\t\t<div class=\"elementor-widget-container\">\n\t\t\t\t\t\t\t\t<div class=\"elementor-text-editor elementor-clearfix\">\n\t\t\t\t\t<h1 style=\"text-align: center;\"><strong>Change Makers <\/strong><\/h1><h1 style=\"text-align: center;\"><strong>\u00a1Es hora de pasar a la acci\u00f3n!<\/strong><\/h1><h4 style=\"text-align: center;\">\u00a0<\/h4><h4 style=\"text-align: center;\"><span style=\"font-weight: 400;\">Para alcanzar los Objetivos de Desarrollo Sostenible, es esencial que todos pongamos de nuestra parte durante la d\u00e9cada de acci\u00f3n en la que ya nos encontramos inmersos.\u00a0<\/span><\/h4><h4 style=\"text-align: center;\">\u00a0<\/h4><h4 style=\"text-align: center;\"><i><span style=\"font-weight: 400;\">Change Makers World<\/span><\/i><span style=\"font-weight: 400;\"> es la comunidad global online en la que<\/span><b> estudiantes, docentes y colegios<\/b><span style=\"font-weight: 400;\"> de todo el mundo se re\u00fanen para inspirarse e inspirar con ideas que contribuyan a alcanzar los <\/span><b>ODS<\/b><span style=\"font-weight: 400;\">.<\/span><\/h4><h4 style=\"text-align: center;\">\u00a0<\/h4><h4 style=\"text-align: center;\"><span style=\"font-weight: 400;\">\u00a1Sacar a la luz el potencial de tu alumnado para <\/span><b>Construir Futuro<\/b><span style=\"font-weight: 400;\"> est\u00e1 en tus manos!<\/span><\/h4>\t\t\t\t\t<\/div>\n\t\t\t\t\t\t<\/div>\n\t\t\t\t<\/div>\n\t\t\t\t\t\t<\/div>\n\t\t\t\t\t<\/div>\n\t\t<\/div>\n\t\t\t\t\t\t\t\t<\/div>\n\t\t\t\t\t<\/div>\n\t\t<\/section>\n\t\t\t\t<section class=\"elementor-section elementor-top-section elementor-element elementor-element-7400af7 elementor-section-boxed elementor-section-height-default elementor-section-height-default parallax_section_no qode_elementor_container_no\" data-id=\"7400af7\" data-element_type=\"section\">\n\t\t\t\t\t\t<div class=\"elementor-container elementor-column-gap-default\">\n\t\t\t\t\t\t\t<div class=\"elementor-row\">\n\t\t\t\t\t<div class=\"elementor-column elementor-col-100 elementor-top-column elementor-element elementor-element-65d30d9\" data-id=\"65d30d9\" data-element_type=\"column\">\n\t\t\t<div class=\"elementor-column-wrap elementor-element-populated\">\n\t\t\t\t\t\t\t<div class=\"elementor-widget-wrap\">\n\t\t\t\t\t\t<div class=\"elementor-element elementor-element-bce55f5 elementor-widget elementor-widget-image\" data-id=\"bce55f5\" data-element_type=\"widget\" data-widget_type=\"image.default\">\n\t\t\t\t<div class=\"elementor-widget-container\">\n\t\t\t\t\t\t\t\t<div class=\"elementor-image\">\n\t\t\t\t\t\t\t\t\t\t\t\t<img width=\"300\" height=\"63\" src=\"https:\/\/www.macmillaneducation.es\/iberia\/wp-content\/uploads\/2022\/11\/separador-300x63.png\" class=\"attachment-medium size-medium\" alt=\"\" loading=\"lazy\" srcset=\"https:\/\/www.macmillaneducation.es\/iberia\/wp-content\/uploads\/2022\/11\/separador-300x63.png 300w, https:\/\/www.macmillaneducation.es\/iberia\/wp-content\/uploads\/2022\/11\/separador-768x160.png 768w, https:\/\/www.macmillaneducation.es\/iberia\/wp-content\/uploads\/2022\/11\/separador-700x146.png 700w, https:\/\/www.macmillaneducation.es\/iberia\/wp-content\/uploads\/2022\/11\/separador-600x125.png 600w, https:\/\/www.macmillaneducation.es\/iberia\/wp-content\/uploads\/2022\/11\/separador.png 964w\" sizes=\"(max-width: 300px) 100vw, 300px\" \/>\t\t\t\t\t\t\t\t\t\t\t\t\t\t<\/div>\n\t\t\t\t\t\t<\/div>\n\t\t\t\t<\/div>\n\t\t\t\t\t\t<\/div>\n\t\t\t\t\t<\/div>\n\t\t<\/div>\n\t\t\t\t\t\t\t\t<\/div>\n\t\t\t\t\t<\/div>\n\t\t<\/section>\n\t\t\t\t<section class=\"elementor-section elementor-top-section elementor-element elementor-element-d4dbc16 elementor-section-boxed elementor-section-height-default elementor-section-height-default parallax_section_no qode_elementor_container_no\" data-id=\"d4dbc16\" data-element_type=\"section\">\n\t\t\t\t\t\t<div class=\"elementor-container elementor-column-gap-default\">\n\t\t\t\t\t\t\t<div class=\"elementor-row\">\n\t\t\t\t\t<div class=\"elementor-column elementor-col-100 elementor-top-column elementor-element elementor-element-8dd206a\" data-id=\"8dd206a\" data-element_type=\"column\">\n\t\t\t<div class=\"elementor-column-wrap elementor-element-populated\">\n\t\t\t\t\t\t\t<div class=\"elementor-widget-wrap\">\n\t\t\t\t\t\t<div class=\"elementor-element elementor-element-05c8ecb elementor-widget elementor-widget-text-editor\" data-id=\"05c8ecb\" data-element_type=\"widget\" data-widget_type=\"text-editor.default\">\n\t\t\t\t<div class=\"elementor-widget-container\">\n\t\t\t\t\t\t\t\t<div class=\"elementor-text-editor elementor-clearfix\">\n\t\t\t\t\t<h1 style=\"text-align: center;\"><strong>Insp\u00edrate<\/strong><\/h1><h2 style=\"text-align: center;\"><span style=\"font-weight: 400;\">ChangeMakers Challenge<\/span><\/h2><h4 style=\"text-align: center;\">\u00a0<\/h4><h4 style=\"text-align: center;\"><span style=\"font-weight: 400;\">Con esta iniciativa te animamos a plantear a tu alumnado un reto semanal para <\/span><b>contribuir a los ODS durante un mes<\/b><span style=\"font-weight: 400;\">. Son una serie de acciones que podr\u00e9is incorporar a vuestra rutina diaria mientras gener\u00e1is un <\/span><b>cambio positivo en el mundo<\/b><span style=\"font-weight: 400;\"> para demostrar que cada acto, por peque\u00f1o que sea, cuenta.\u00a0<\/span><\/h4><h4 style=\"text-align: center;\">\u00a0<\/h4><h4 style=\"text-align: center;\"><span style=\"font-weight: 400;\">Escoge el nivel que mejor se adapte a tu clase para empezar:<\/span><\/h4>\t\t\t\t\t<\/div>\n\t\t\t\t\t\t<\/div>\n\t\t\t\t<\/div>\n\t\t\t\t\t\t<\/div>\n\t\t\t\t\t<\/div>\n\t\t<\/div>\n\t\t\t\t\t\t\t\t<\/div>\n\t\t\t\t\t<\/div>\n\t\t<\/section>\n\t\t\t\t<section class=\"elementor-section elementor-top-section elementor-element elementor-element-33d5be5 elementor-section-boxed elementor-section-height-default elementor-section-height-default parallax_section_no qode_elementor_container_no\" data-id=\"33d5be5\" data-element_type=\"section\">\n\t\t\t\t\t\t<div class=\"elementor-container elementor-column-gap-default\">\n\t\t\t\t\t\t\t<div class=\"elementor-row\">\n\t\t\t\t\t<div class=\"elementor-column elementor-col-33 elementor-top-column elementor-element elementor-element-630f6e5\" data-id=\"630f6e5\" data-element_type=\"column\">\n\t\t\t<div class=\"elementor-column-wrap elementor-element-populated\">\n\t\t\t\t\t\t\t<div class=\"elementor-widget-wrap\">\n\t\t\t\t\t\t<div class=\"elementor-element elementor-element-96ae046 elementor-widget elementor-widget-image\" data-id=\"96ae046\" data-element_type=\"widget\" data-widget_type=\"image.default\">\n\t\t\t\t<div class=\"elementor-widget-container\">\n\t\t\t\t\t\t\t\t<div class=\"elementor-image\">\n\t\t\t\t\t\t\t\t\t\t\t\t\t<a href=\"https:\/\/bit.ly\/3WLaBRy\" target=\"_blank\">\n\t\t\t\t\t\t\t<img width=\"631\" height=\"895\" src=\"https:\/\/www.macmillaneducation.es\/iberia\/wp-content\/uploads\/2023\/06\/Primary.png\" class=\"attachment-large size-large\" alt=\"\" loading=\"lazy\" srcset=\"https:\/\/www.macmillaneducation.es\/iberia\/wp-content\/uploads\/2023\/06\/Primary.png 631w, https:\/\/www.macmillaneducation.es\/iberia\/wp-content\/uploads\/2023\/06\/Primary-212x300.png 212w, https:\/\/www.macmillaneducation.es\/iberia\/wp-content\/uploads\/2023\/06\/Primary-600x851.png 600w\" sizes=\"(max-width: 631px) 100vw, 631px\" \/>\t\t\t\t\t\t\t\t<\/a>\n\t\t\t\t\t\t\t\t\t\t\t\t\t\t<\/div>\n\t\t\t\t\t\t<\/div>\n\t\t\t\t<\/div>\n\t\t\t\t<div class=\"elementor-element elementor-element-dc0e5e2 elementor-align-center elementor-widget elementor-widget-button\" data-id=\"dc0e5e2\" data-element_type=\"widget\" data-widget_type=\"button.default\">\n\t\t\t\t<div class=\"elementor-widget-container\">\n\t\t\t\t\t<div class=\"elementor-button-wrapper\">\n\t\t\t<a href=\"https:\/\/bit.ly\/3WLaBRy\" target=\"_blank\" class=\"elementor-button-link elementor-button elementor-size-md\" role=\"button\">\n\t\t\t\t\t\t<span class=\"elementor-button-content-wrapper\">\n\t\t\t\t\t\t<span class=\"elementor-button-text\">Primary<\/span>\n\t\t<\/span>\n\t\t\t\t\t<\/a>\n\t\t<\/div>\n\t\t\t\t<\/div>\n\t\t\t\t<\/div>\n\t\t\t\t\t\t<\/div>\n\t\t\t\t\t<\/div>\n\t\t<\/div>\n\t\t\t\t<div class=\"elementor-column elementor-col-33 elementor-top-column elementor-element elementor-element-cf67af3\" data-id=\"cf67af3\" data-element_type=\"column\">\n\t\t\t<div class=\"elementor-column-wrap elementor-element-populated\">\n\t\t\t\t\t\t\t<div class=\"elementor-widget-wrap\">\n\t\t\t\t\t\t<div class=\"elementor-element elementor-element-e554dd8 elementor-widget elementor-widget-image\" data-id=\"e554dd8\" data-element_type=\"widget\" data-widget_type=\"image.default\">\n\t\t\t\t<div class=\"elementor-widget-container\">\n\t\t\t\t\t\t\t\t<div class=\"elementor-image\">\n\t\t\t\t\t\t\t\t\t\t\t\t\t<a href=\"https:\/\/bit.ly\/43tsmH5\" target=\"_blank\">\n\t\t\t\t\t\t\t<img width=\"630\" height=\"892\" src=\"https:\/\/www.macmillaneducation.es\/iberia\/wp-content\/uploads\/2023\/06\/Secondary.png\" class=\"attachment-large size-large\" alt=\"\" loading=\"lazy\" srcset=\"https:\/\/www.macmillaneducation.es\/iberia\/wp-content\/uploads\/2023\/06\/Secondary.png 630w, https:\/\/www.macmillaneducation.es\/iberia\/wp-content\/uploads\/2023\/06\/Secondary-212x300.png 212w, https:\/\/www.macmillaneducation.es\/iberia\/wp-content\/uploads\/2023\/06\/Secondary-600x850.png 600w\" sizes=\"(max-width: 630px) 100vw, 630px\" \/>\t\t\t\t\t\t\t\t<\/a>\n\t\t\t\t\t\t\t\t\t\t\t\t\t\t<\/div>\n\t\t\t\t\t\t<\/div>\n\t\t\t\t<\/div>\n\t\t\t\t<div class=\"elementor-element elementor-element-857460e elementor-align-center elementor-widget elementor-widget-button\" data-id=\"857460e\" data-element_type=\"widget\" data-widget_type=\"button.default\">\n\t\t\t\t<div class=\"elementor-widget-container\">\n\t\t\t\t\t<div class=\"elementor-button-wrapper\">\n\t\t\t<a href=\"https:\/\/bit.ly\/43tsmH5\" target=\"_blank\" class=\"elementor-button-link elementor-button elementor-size-md\" role=\"button\">\n\t\t\t\t\t\t<span class=\"elementor-button-content-wrapper\">\n\t\t\t\t\t\t<span class=\"elementor-button-text\">Secondary<\/span>\n\t\t<\/span>\n\t\t\t\t\t<\/a>\n\t\t<\/div>\n\t\t\t\t<\/div>\n\t\t\t\t<\/div>\n\t\t\t\t\t\t<\/div>\n\t\t\t\t\t<\/div>\n\t\t<\/div>\n\t\t\t\t<div class=\"elementor-column elementor-col-33 elementor-top-column elementor-element elementor-element-6ba8538\" data-id=\"6ba8538\" data-element_type=\"column\">\n\t\t\t<div class=\"elementor-column-wrap elementor-element-populated\">\n\t\t\t\t\t\t\t<div class=\"elementor-widget-wrap\">\n\t\t\t\t\t\t<div class=\"elementor-element elementor-element-ebcd1ba elementor-widget elementor-widget-image\" data-id=\"ebcd1ba\" data-element_type=\"widget\" data-widget_type=\"image.default\">\n\t\t\t\t<div class=\"elementor-widget-container\">\n\t\t\t\t\t\t\t\t<div class=\"elementor-image\">\n\t\t\t\t\t\t\t\t\t\t\t\t\t<a href=\"https:\/\/bit.ly\/3WTTwVH\" target=\"_blank\">\n\t\t\t\t\t\t\t<img width=\"630\" height=\"892\" src=\"https:\/\/www.macmillaneducation.es\/iberia\/wp-content\/uploads\/2023\/06\/Upper-Secondary.png\" class=\"attachment-large size-large\" alt=\"\" loading=\"lazy\" srcset=\"https:\/\/www.macmillaneducation.es\/iberia\/wp-content\/uploads\/2023\/06\/Upper-Secondary.png 630w, https:\/\/www.macmillaneducation.es\/iberia\/wp-content\/uploads\/2023\/06\/Upper-Secondary-212x300.png 212w, https:\/\/www.macmillaneducation.es\/iberia\/wp-content\/uploads\/2023\/06\/Upper-Secondary-600x850.png 600w\" sizes=\"(max-width: 630px) 100vw, 630px\" \/>\t\t\t\t\t\t\t\t<\/a>\n\t\t\t\t\t\t\t\t\t\t\t\t\t\t<\/div>\n\t\t\t\t\t\t<\/div>\n\t\t\t\t<\/div>\n\t\t\t\t<div class=\"elementor-element elementor-element-27f5b6e elementor-align-center elementor-widget elementor-widget-button\" data-id=\"27f5b6e\" data-element_type=\"widget\" data-widget_type=\"button.default\">\n\t\t\t\t<div class=\"elementor-widget-container\">\n\t\t\t\t\t<div class=\"elementor-button-wrapper\">\n\t\t\t<a href=\"https:\/\/bit.ly\/3WTTwVH\" target=\"_blank\" class=\"elementor-button-link elementor-button elementor-size-md\" role=\"button\">\n\t\t\t\t\t\t<span class=\"elementor-button-content-wrapper\">\n\t\t\t\t\t\t<span class=\"elementor-button-text\">Upper-Secondary<\/span>\n\t\t<\/span>\n\t\t\t\t\t<\/a>\n\t\t<\/div>\n\t\t\t\t<\/div>\n\t\t\t\t<\/div>\n\t\t\t\t\t\t<\/div>\n\t\t\t\t\t<\/div>\n\t\t<\/div>\n\t\t\t\t\t\t\t\t<\/div>\n\t\t\t\t\t<\/div>\n\t\t<\/section>\n\t\t\t\t<section class=\"elementor-section elementor-top-section elementor-element elementor-element-b3e9b68 elementor-section-boxed elementor-section-height-default elementor-section-height-default parallax_section_no qode_elementor_container_no\" data-id=\"b3e9b68\" data-element_type=\"section\">\n\t\t\t\t\t\t<div class=\"elementor-container elementor-column-gap-default\">\n\t\t\t\t\t\t\t<div class=\"elementor-row\">\n\t\t\t\t\t<div class=\"elementor-column elementor-col-100 elementor-top-column elementor-element elementor-element-f830a54\" data-id=\"f830a54\" data-element_type=\"column\">\n\t\t\t<div class=\"elementor-column-wrap elementor-element-populated\">\n\t\t\t\t\t\t\t<div class=\"elementor-widget-wrap\">\n\t\t\t\t\t\t<div class=\"elementor-element elementor-element-561f1c3 elementor-widget elementor-widget-spacer\" data-id=\"561f1c3\" data-element_type=\"widget\" data-widget_type=\"spacer.default\">\n\t\t\t\t<div class=\"elementor-widget-container\">\n\t\t\t\t\t<div class=\"elementor-spacer\">\n\t\t\t<div class=\"elementor-spacer-inner\"><\/div>\n\t\t<\/div>\n\t\t\t\t<\/div>\n\t\t\t\t<\/div>\n\t\t\t\t\t\t<\/div>\n\t\t\t\t\t<\/div>\n\t\t<\/div>\n\t\t\t\t\t\t\t\t<\/div>\n\t\t\t\t\t<\/div>\n\t\t<\/section>\n\t\t\t\t<section class=\"elementor-section elementor-top-section elementor-element elementor-element-b258a21 elementor-section-boxed elementor-section-height-default elementor-section-height-default parallax_section_no qode_elementor_container_no\" data-id=\"b258a21\" data-element_type=\"section\">\n\t\t\t\t\t\t<div class=\"elementor-container elementor-column-gap-default\">\n\t\t\t\t\t\t\t<div class=\"elementor-row\">\n\t\t\t\t\t<div class=\"elementor-column elementor-col-100 elementor-top-column elementor-element elementor-element-d857b5f\" data-id=\"d857b5f\" data-element_type=\"column\">\n\t\t\t<div class=\"elementor-column-wrap elementor-element-populated\">\n\t\t\t\t\t\t\t<div class=\"elementor-widget-wrap\">\n\t\t\t\t\t\t<div class=\"elementor-element elementor-element-7e51882 elementor-widget elementor-widget-image\" data-id=\"7e51882\" data-element_type=\"widget\" data-widget_type=\"image.default\">\n\t\t\t\t<div class=\"elementor-widget-container\">\n\t\t\t\t\t\t\t\t<div class=\"elementor-image\">\n\t\t\t\t\t\t\t\t\t\t\t\t<img width=\"300\" height=\"63\" src=\"https:\/\/www.macmillaneducation.es\/iberia\/wp-content\/uploads\/2022\/11\/separador-300x63.png\" class=\"attachment-medium size-medium\" alt=\"\" loading=\"lazy\" srcset=\"https:\/\/www.macmillaneducation.es\/iberia\/wp-content\/uploads\/2022\/11\/separador-300x63.png 300w, https:\/\/www.macmillaneducation.es\/iberia\/wp-content\/uploads\/2022\/11\/separador-768x160.png 768w, https:\/\/www.macmillaneducation.es\/iberia\/wp-content\/uploads\/2022\/11\/separador-700x146.png 700w, https:\/\/www.macmillaneducation.es\/iberia\/wp-content\/uploads\/2022\/11\/separador-600x125.png 600w, https:\/\/www.macmillaneducation.es\/iberia\/wp-content\/uploads\/2022\/11\/separador.png 964w\" sizes=\"(max-width: 300px) 100vw, 300px\" \/>\t\t\t\t\t\t\t\t\t\t\t\t\t\t<\/div>\n\t\t\t\t\t\t<\/div>\n\t\t\t\t<\/div>\n\t\t\t\t\t\t<\/div>\n\t\t\t\t\t<\/div>\n\t\t<\/div>\n\t\t\t\t\t\t\t\t<\/div>\n\t\t\t\t\t<\/div>\n\t\t<\/section>\n\t\t\t\t<section class=\"elementor-section elementor-top-section elementor-element elementor-element-1a72a6b elementor-section-boxed elementor-section-height-default elementor-section-height-default parallax_section_no qode_elementor_container_no\" data-id=\"1a72a6b\" data-element_type=\"section\">\n\t\t\t\t\t\t<div class=\"elementor-container elementor-column-gap-default\">\n\t\t\t\t\t\t\t<div class=\"elementor-row\">\n\t\t\t\t\t<div class=\"elementor-column elementor-col-100 elementor-top-column elementor-element elementor-element-4917649\" data-id=\"4917649\" data-element_type=\"column\">\n\t\t\t<div class=\"elementor-column-wrap elementor-element-populated\">\n\t\t\t\t\t\t\t<div class=\"elementor-widget-wrap\">\n\t\t\t\t\t\t<div class=\"elementor-element elementor-element-3aa317d elementor-widget elementor-widget-text-editor\" data-id=\"3aa317d\" data-element_type=\"widget\" data-widget_type=\"text-editor.default\">\n\t\t\t\t<div class=\"elementor-widget-container\">\n\t\t\t\t\t\t\t\t<div class=\"elementor-text-editor elementor-clearfix\">\n\t\t\t\t\t<h1 style=\"text-align: center;\"><strong>Comparte<\/strong><\/h1><h4 style=\"text-align: center;\">\u00a0<\/h4><h4 style=\"text-align: center;\"><span style=\"font-weight: 400;\">Invita a tus estudiantes a reflexionar sobre <\/span><b>c\u00f3mo har\u00edan del mundo un lugar mejor <\/b><span style=\"font-weight: 400;\">y ay\u00fadalos a expresar sus ideas. Despu\u00e9s, comp\u00e1rtelo en <\/span><b>Change Makers World <\/b><span style=\"font-weight: 400;\">e insp\u00edrate con las contribuciones de <\/span><b>docentes de todo el mundo<\/b><span style=\"font-weight: 400;\">.<\/span><\/h4><h4 style=\"text-align: center;\"><br \/><span style=\"font-weight: 400;\">V\u00eddeos, fotos, podcasts, dibujos, Tik-Toks\u2026 Cualquier talento, habilidad o formato creativo son bienvenidos en Change Makers World. <\/span><b>\u00bfTe animas a Construir Futuro?<\/b><\/h4>\t\t\t\t\t<\/div>\n\t\t\t\t\t\t<\/div>\n\t\t\t\t<\/div>\n\t\t\t\t\t\t<\/div>\n\t\t\t\t\t<\/div>\n\t\t<\/div>\n\t\t\t\t\t\t\t\t<\/div>\n\t\t\t\t\t<\/div>\n\t\t<\/section>\n\t\t\t\t<section class=\"elementor-section elementor-top-section elementor-element elementor-element-4672f21 elementor-section-boxed elementor-section-height-default elementor-section-height-default parallax_section_no qode_elementor_container_no\" data-id=\"4672f21\" data-element_type=\"section\">\n\t\t\t\t\t\t<div class=\"elementor-container elementor-column-gap-default\">\n\t\t\t\t\t\t\t<div class=\"elementor-row\">\n\t\t\t\t\t<div class=\"elementor-column elementor-col-100 elementor-top-column elementor-element elementor-element-da69d5a\" data-id=\"da69d5a\" data-element_type=\"column\">\n\t\t\t<div class=\"elementor-column-wrap elementor-element-populated\">\n\t\t\t\t\t\t\t<div class=\"elementor-widget-wrap\">\n\t\t\t\t\t\t<div class=\"elementor-element elementor-element-e822aae elementor-widget elementor-widget-image\" data-id=\"e822aae\" data-element_type=\"widget\" data-widget_type=\"image.default\">\n\t\t\t\t<div class=\"elementor-widget-container\">\n\t\t\t\t\t\t\t\t<div class=\"elementor-image\">\n\t\t\t\t\t\t\t\t\t\t\t\t\t<a href=\"https:\/\/changemakersworld.live\/\" target=\"_blank\">\n\t\t\t\t\t\t\t<img width=\"800\" height=\"600\" src=\"https:\/\/www.macmillaneducation.es\/iberia\/wp-content\/uploads\/2023\/06\/CHANGE-MAKERS_4-800x600.jpg\" class=\"attachment-portfolio-landscape size-portfolio-landscape\" alt=\"\" loading=\"lazy\" \/>\t\t\t\t\t\t\t\t<\/a>\n\t\t\t\t\t\t\t\t\t\t\t\t\t\t<\/div>\n\t\t\t\t\t\t<\/div>\n\t\t\t\t<\/div>\n\t\t\t\t\t\t<\/div>\n\t\t\t\t\t<\/div>\n\t\t<\/div>\n\t\t\t\t\t\t\t\t<\/div>\n\t\t\t\t\t<\/div>\n\t\t<\/section>\n\t\t\t\t<section class=\"elementor-section elementor-top-section elementor-element elementor-element-b350720 elementor-section-boxed elementor-section-height-default elementor-section-height-default parallax_section_no qode_elementor_container_no\" data-id=\"b350720\" data-element_type=\"section\">\n\t\t\t\t\t\t<div class=\"elementor-container elementor-column-gap-default\">\n\t\t\t\t\t\t\t<div class=\"elementor-row\">\n\t\t\t\t\t<div class=\"elementor-column elementor-col-100 elementor-top-column elementor-element elementor-element-992e5d0\" data-id=\"992e5d0\" data-element_type=\"column\">\n\t\t\t<div class=\"elementor-column-wrap elementor-element-populated\">\n\t\t\t\t\t\t\t<div class=\"elementor-widget-wrap\">\n\t\t\t\t\t\t<div class=\"elementor-element elementor-element-b440473 elementor-widget elementor-widget-image\" data-id=\"b440473\" data-element_type=\"widget\" data-widget_type=\"image.default\">\n\t\t\t\t<div class=\"elementor-widget-container\">\n\t\t\t\t\t\t\t\t<div class=\"elementor-image\">\n\t\t\t\t\t\t\t\t\t\t\t\t<img width=\"768\" height=\"160\" src=\"https:\/\/www.macmillaneducation.es\/iberia\/wp-content\/uploads\/2022\/11\/separador-768x160.png\" class=\"attachment-medium_large size-medium_large\" alt=\"\" loading=\"lazy\" srcset=\"https:\/\/www.macmillaneducation.es\/iberia\/wp-content\/uploads\/2022\/11\/separador-768x160.png 768w, https:\/\/www.macmillaneducation.es\/iberia\/wp-content\/uploads\/2022\/11\/separador-300x63.png 300w, https:\/\/www.macmillaneducation.es\/iberia\/wp-content\/uploads\/2022\/11\/separador-700x146.png 700w, https:\/\/www.macmillaneducation.es\/iberia\/wp-content\/uploads\/2022\/11\/separador-600x125.png 600w, https:\/\/www.macmillaneducation.es\/iberia\/wp-content\/uploads\/2022\/11\/separador.png 964w\" sizes=\"(max-width: 768px) 100vw, 768px\" \/>\t\t\t\t\t\t\t\t\t\t\t\t\t\t<\/div>\n\t\t\t\t\t\t<\/div>\n\t\t\t\t<\/div>\n\t\t\t\t\t\t<\/div>\n\t\t\t\t\t<\/div>\n\t\t<\/div>\n\t\t\t\t\t\t\t\t<\/div>\n\t\t\t\t\t<\/div>\n\t\t<\/section>\n\t\t\t\t\t\t<\/div>\n\t\t\t\t\t\t<\/div>\n\t\t\t\t\t<\/div>\n\t\t","protected":false},"excerpt":{"rendered":"<p>Change Makers \u00a1Es hora de pasar a la acci\u00f3n! &nbsp; Para alcanzar los Objetivos de Desarrollo Sostenible, es esencial que todos pongamos de nuestra parte durante la d\u00e9cada de acci\u00f3n en la que ya nos encontramos inmersos.&nbsp; &nbsp; Change Makers World es la comunidad global&#8230;<\/p>\n","protected":false},"author":1,"featured_media":0,"parent":20934,"menu_order":1,"comment_status":"closed","ping_status":"closed","template":"","meta":[],"_links":{"self":[{"href":"https:\/\/www.macmillaneducation.es\/iberia\/wp-json\/wp\/v2\/pages\/21029"}],"collection":[{"href":"https:\/\/www.macmillaneducation.es\/iberia\/wp-json\/wp\/v2\/pages"}],"about":[{"href":"https:\/\/www.macmillaneducation.es\/iberia\/wp-json\/wp\/v2\/types\/page"}],"author":[{"embeddable":true,"href":"https:\/\/www.macmillaneducation.es\/iberia\/wp-json\/wp\/v2\/users\/1"}],"replies":[{"embeddable":true,"href":"https:\/\/www.macmillaneducation.es\/iberia\/wp-json\/wp\/v2\/comments?post=21029"}],"version-history":[{"count":170,"href":"https:\/\/www.macmillaneducation.es\/iberia\/wp-json\/wp\/v2\/pages\/21029\/revisions"}],"predecessor-version":[{"id":41177,"href":"https:\/\/www.macmillaneducation.es\/iberia\/wp-json\/wp\/v2\/pages\/21029\/revisions\/41177"}],"up":[{"embeddable":true,"href":"https:\/\/www.macmillaneducation.es\/iberia\/wp-json\/wp\/v2\/pages\/20934"}],"wp:attachment":[{"href":"https:\/\/www.macmillaneducation.es\/iberia\/wp-json\/wp\/v2\/media?parent=21029"}],"curies":[{"name":"wp","href":"https:\/\/api.w.org\/{rel}","templated":true}]}}