{"id":7475,"date":"2018-10-02T09:20:45","date_gmt":"2018-10-02T09:20:45","guid":{"rendered":"http:\/\/www.macmillaneducation.es\/?page_id=7475"},"modified":"2023-05-15T15:56:51","modified_gmt":"2023-05-15T15:56:51","slug":"les-reporters","status":"publish","type":"page","link":"https:\/\/www.macmillaneducation.es\/fr\/francais\/secondaire\/les-reporters\/","title":{"rendered":"LES REPORTERS"},"content":{"rendered":"","protected":false},"excerpt":{"rendered":"","protected":false},"author":2,"featured_media":7502,"parent":9291,"menu_order":1,"comment_status":"closed","ping_status":"closed","template":"product.php","meta":{"_acf_changed":false,"footnotes":""},"tags":[],"class_list":["post-7475","page","type-page","status-publish","has-post-thumbnail","hentry"],"acf":[],"yoast_head":"<!-- This site is optimized with the Yoast SEO plugin v27.2 - https:\/\/yoast.com\/product\/yoast-seo-wordpress\/ -->\n<title>LES REPORTERS - Macmillan<\/title>\n<meta name=\"robots\" content=\"index, follow, max-snippet:-1, max-image-preview:large, max-video-preview:-1\" \/>\n<link rel=\"canonical\" href=\"https:\/\/www.macmillaneducation.es\/fr\/francais\/secondaire\/les-reporters\/\" \/>\n<meta property=\"og:locale\" content=\"fr_FR\" \/>\n<meta property=\"og:type\" content=\"article\" \/>\n<meta property=\"og:title\" content=\"LES REPORTERS - Macmillan\" \/>\n<meta property=\"og:url\" content=\"https:\/\/www.macmillaneducation.es\/fr\/francais\/secondaire\/les-reporters\/\" \/>\n<meta property=\"og:site_name\" content=\"Macmillan\" \/>\n<meta property=\"article:publisher\" content=\"https:\/\/www.facebook.com\/MacmillanSpain\" \/>\n<meta property=\"article:modified_time\" content=\"2023-05-15T15:56:51+00:00\" \/>\n<meta property=\"og:image\" content=\"https:\/\/www.macmillaneducation.es\/wp-content\/uploads\/2018\/10\/single-post-1-1.jpg\" \/>\n\t<meta property=\"og:image:width\" content=\"1500\" \/>\n\t<meta property=\"og:image:height\" content=\"676\" \/>\n\t<meta property=\"og:image:type\" content=\"image\/jpeg\" \/>\n<meta name=\"twitter:card\" content=\"summary_large_image\" \/>\n<script type=\"application\/ld+json\" class=\"yoast-schema-graph\">{\"@context\":\"https:\/\/schema.org\",\"@graph\":[{\"@type\":\"WebPage\",\"@id\":\"https:\/\/www.macmillaneducation.es\/fr\/francais\/secondaire\/les-reporters\/\",\"url\":\"https:\/\/www.macmillaneducation.es\/fr\/francais\/secondaire\/les-reporters\/\",\"name\":\"LES REPORTERS - Macmillan\",\"isPartOf\":{\"@id\":\"https:\/\/www.macmillaneducation.es\/fr\/#website\"},\"primaryImageOfPage\":{\"@id\":\"https:\/\/www.macmillaneducation.es\/fr\/francais\/secondaire\/les-reporters\/#primaryimage\"},\"image\":{\"@id\":\"https:\/\/www.macmillaneducation.es\/fr\/francais\/secondaire\/les-reporters\/#primaryimage\"},\"thumbnailUrl\":\"https:\/\/www.macmillaneducation.es\/wp-content\/uploads\/2018\/10\/single-post-1-1.jpg\",\"datePublished\":\"2018-10-02T09:20:45+00:00\",\"dateModified\":\"2023-05-15T15:56:51+00:00\",\"breadcrumb\":{\"@id\":\"https:\/\/www.macmillaneducation.es\/fr\/francais\/secondaire\/les-reporters\/#breadcrumb\"},\"inLanguage\":\"fr-FR\",\"potentialAction\":[{\"@type\":\"ReadAction\",\"target\":[\"https:\/\/www.macmillaneducation.es\/fr\/francais\/secondaire\/les-reporters\/\"]}]},{\"@type\":\"ImageObject\",\"inLanguage\":\"fr-FR\",\"@id\":\"https:\/\/www.macmillaneducation.es\/fr\/francais\/secondaire\/les-reporters\/#primaryimage\",\"url\":\"https:\/\/www.macmillaneducation.es\/wp-content\/uploads\/2018\/10\/single-post-1-1.jpg\",\"contentUrl\":\"https:\/\/www.macmillaneducation.es\/wp-content\/uploads\/2018\/10\/single-post-1-1.jpg\",\"width\":1500,\"height\":676,\"caption\":\"Image de quatre jeunes avec un appareil photo. Deux filles et deux gar\u00e7ons d'origines ethniques diverses, avec des tons de peau diff\u00e9rents, sont les sujets. Le texte Les Reporters appara\u00eet en haut.\"},{\"@type\":\"BreadcrumbList\",\"@id\":\"https:\/\/www.macmillaneducation.es\/fr\/francais\/secondaire\/les-reporters\/#breadcrumb\",\"itemListElement\":[{\"@type\":\"ListItem\",\"position\":1,\"name\":\"Home\",\"item\":\"https:\/\/www.macmillaneducation.es\/fr\/\"},{\"@type\":\"ListItem\",\"position\":2,\"name\":\"Fran\u00e7ais\",\"item\":\"https:\/\/www.macmillaneducation.es\/fr\/francais\/\"},{\"@type\":\"ListItem\",\"position\":3,\"name\":\"Secondaire\/Bachillerato\",\"item\":\"https:\/\/www.macmillaneducation.es\/fr\/francais\/secondaire\/\"},{\"@type\":\"ListItem\",\"position\":4,\"name\":\"LES REPORTERS\"}]},{\"@type\":\"WebSite\",\"@id\":\"https:\/\/www.macmillaneducation.es\/fr\/#website\",\"url\":\"https:\/\/www.macmillaneducation.es\/fr\/\",\"name\":\"Macmillan\",\"description\":\"Macmillan Education\",\"publisher\":{\"@id\":\"https:\/\/www.macmillaneducation.es\/fr\/#organization\"},\"potentialAction\":[{\"@type\":\"SearchAction\",\"target\":{\"@type\":\"EntryPoint\",\"urlTemplate\":\"https:\/\/www.macmillaneducation.es\/fr\/?s={search_term_string}\"},\"query-input\":{\"@type\":\"PropertyValueSpecification\",\"valueRequired\":true,\"valueName\":\"search_term_string\"}}],\"inLanguage\":\"fr-FR\"},{\"@type\":\"Organization\",\"@id\":\"https:\/\/www.macmillaneducation.es\/fr\/#organization\",\"name\":\"Macmillan Education Iberia\",\"url\":\"https:\/\/www.macmillaneducation.es\/fr\/\",\"logo\":{\"@type\":\"ImageObject\",\"inLanguage\":\"fr-FR\",\"@id\":\"https:\/\/www.macmillaneducation.es\/fr\/#\/schema\/logo\/image\/\",\"url\":\"https:\/\/www.macmillaneducation.es\/wp-content\/uploads\/2026\/02\/Macmillan-Education-Logo.jpg\",\"contentUrl\":\"https:\/\/www.macmillaneducation.es\/wp-content\/uploads\/2026\/02\/Macmillan-Education-Logo.jpg\",\"width\":2560,\"height\":1044,\"caption\":\"Macmillan Education Iberia\"},\"image\":{\"@id\":\"https:\/\/www.macmillaneducation.es\/fr\/#\/schema\/logo\/image\/\"},\"sameAs\":[\"https:\/\/www.facebook.com\/MacmillanSpain\",\"https:\/\/www.instagram.com\/macmillanspain\/\",\"https:\/\/www.linkedin.com\/company\/macmillan-iberia\",\"https:\/\/youtube.com\/@MacmillanSpain\"]}]}<\/script>\n<!-- \/ Yoast SEO plugin. -->","yoast_head_json":{"title":"LES REPORTERS - Macmillan","robots":{"index":"index","follow":"follow","max-snippet":"max-snippet:-1","max-image-preview":"max-image-preview:large","max-video-preview":"max-video-preview:-1"},"canonical":"https:\/\/www.macmillaneducation.es\/fr\/francais\/secondaire\/les-reporters\/","og_locale":"fr_FR","og_type":"article","og_title":"LES REPORTERS - Macmillan","og_url":"https:\/\/www.macmillaneducation.es\/fr\/francais\/secondaire\/les-reporters\/","og_site_name":"Macmillan","article_publisher":"https:\/\/www.facebook.com\/MacmillanSpain","article_modified_time":"2023-05-15T15:56:51+00:00","og_image":[{"width":1500,"height":676,"url":"https:\/\/www.macmillaneducation.es\/wp-content\/uploads\/2018\/10\/single-post-1-1.jpg","type":"image\/jpeg"}],"twitter_card":"summary_large_image","schema":{"@context":"https:\/\/schema.org","@graph":[{"@type":"WebPage","@id":"https:\/\/www.macmillaneducation.es\/fr\/francais\/secondaire\/les-reporters\/","url":"https:\/\/www.macmillaneducation.es\/fr\/francais\/secondaire\/les-reporters\/","name":"LES REPORTERS - Macmillan","isPartOf":{"@id":"https:\/\/www.macmillaneducation.es\/fr\/#website"},"primaryImageOfPage":{"@id":"https:\/\/www.macmillaneducation.es\/fr\/francais\/secondaire\/les-reporters\/#primaryimage"},"image":{"@id":"https:\/\/www.macmillaneducation.es\/fr\/francais\/secondaire\/les-reporters\/#primaryimage"},"thumbnailUrl":"https:\/\/www.macmillaneducation.es\/wp-content\/uploads\/2018\/10\/single-post-1-1.jpg","datePublished":"2018-10-02T09:20:45+00:00","dateModified":"2023-05-15T15:56:51+00:00","breadcrumb":{"@id":"https:\/\/www.macmillaneducation.es\/fr\/francais\/secondaire\/les-reporters\/#breadcrumb"},"inLanguage":"fr-FR","potentialAction":[{"@type":"ReadAction","target":["https:\/\/www.macmillaneducation.es\/fr\/francais\/secondaire\/les-reporters\/"]}]},{"@type":"ImageObject","inLanguage":"fr-FR","@id":"https:\/\/www.macmillaneducation.es\/fr\/francais\/secondaire\/les-reporters\/#primaryimage","url":"https:\/\/www.macmillaneducation.es\/wp-content\/uploads\/2018\/10\/single-post-1-1.jpg","contentUrl":"https:\/\/www.macmillaneducation.es\/wp-content\/uploads\/2018\/10\/single-post-1-1.jpg","width":1500,"height":676,"caption":"Image de quatre jeunes avec un appareil photo. Deux filles et deux gar\u00e7ons d'origines ethniques diverses, avec des tons de peau diff\u00e9rents, sont les sujets. Le texte Les Reporters appara\u00eet en haut."},{"@type":"BreadcrumbList","@id":"https:\/\/www.macmillaneducation.es\/fr\/francais\/secondaire\/les-reporters\/#breadcrumb","itemListElement":[{"@type":"ListItem","position":1,"name":"Home","item":"https:\/\/www.macmillaneducation.es\/fr\/"},{"@type":"ListItem","position":2,"name":"Fran\u00e7ais","item":"https:\/\/www.macmillaneducation.es\/fr\/francais\/"},{"@type":"ListItem","position":3,"name":"Secondaire\/Bachillerato","item":"https:\/\/www.macmillaneducation.es\/fr\/francais\/secondaire\/"},{"@type":"ListItem","position":4,"name":"LES REPORTERS"}]},{"@type":"WebSite","@id":"https:\/\/www.macmillaneducation.es\/fr\/#website","url":"https:\/\/www.macmillaneducation.es\/fr\/","name":"Macmillan","description":"Macmillan Education","publisher":{"@id":"https:\/\/www.macmillaneducation.es\/fr\/#organization"},"potentialAction":[{"@type":"SearchAction","target":{"@type":"EntryPoint","urlTemplate":"https:\/\/www.macmillaneducation.es\/fr\/?s={search_term_string}"},"query-input":{"@type":"PropertyValueSpecification","valueRequired":true,"valueName":"search_term_string"}}],"inLanguage":"fr-FR"},{"@type":"Organization","@id":"https:\/\/www.macmillaneducation.es\/fr\/#organization","name":"Macmillan Education Iberia","url":"https:\/\/www.macmillaneducation.es\/fr\/","logo":{"@type":"ImageObject","inLanguage":"fr-FR","@id":"https:\/\/www.macmillaneducation.es\/fr\/#\/schema\/logo\/image\/","url":"https:\/\/www.macmillaneducation.es\/wp-content\/uploads\/2026\/02\/Macmillan-Education-Logo.jpg","contentUrl":"https:\/\/www.macmillaneducation.es\/wp-content\/uploads\/2026\/02\/Macmillan-Education-Logo.jpg","width":2560,"height":1044,"caption":"Macmillan Education Iberia"},"image":{"@id":"https:\/\/www.macmillaneducation.es\/fr\/#\/schema\/logo\/image\/"},"sameAs":["https:\/\/www.facebook.com\/MacmillanSpain","https:\/\/www.instagram.com\/macmillanspain\/","https:\/\/www.linkedin.com\/company\/macmillan-iberia","https:\/\/youtube.com\/@MacmillanSpain"]}]}},"_links":{"self":[{"href":"https:\/\/www.macmillaneducation.es\/fr\/wp-json\/wp\/v2\/pages\/7475","targetHints":{"allow":["GET"]}}],"collection":[{"href":"https:\/\/www.macmillaneducation.es\/fr\/wp-json\/wp\/v2\/pages"}],"about":[{"href":"https:\/\/www.macmillaneducation.es\/fr\/wp-json\/wp\/v2\/types\/page"}],"author":[{"embeddable":true,"href":"https:\/\/www.macmillaneducation.es\/fr\/wp-json\/wp\/v2\/users\/2"}],"replies":[{"embeddable":true,"href":"https:\/\/www.macmillaneducation.es\/fr\/wp-json\/wp\/v2\/comments?post=7475"}],"version-history":[{"count":2,"href":"https:\/\/www.macmillaneducation.es\/fr\/wp-json\/wp\/v2\/pages\/7475\/revisions"}],"predecessor-version":[{"id":98804,"href":"https:\/\/www.macmillaneducation.es\/fr\/wp-json\/wp\/v2\/pages\/7475\/revisions\/98804"}],"up":[{"embeddable":true,"href":"https:\/\/www.macmillaneducation.es\/fr\/wp-json\/wp\/v2\/pages\/9291"}],"wp:featuredmedia":[{"embeddable":true,"href":"https:\/\/www.macmillaneducation.es\/fr\/wp-json\/wp\/v2\/media\/7502"}],"wp:attachment":[{"href":"https:\/\/www.macmillaneducation.es\/fr\/wp-json\/wp\/v2\/media?parent=7475"}],"wp:term":[{"taxonomy":"post_tag","embeddable":true,"href":"https:\/\/www.macmillaneducation.es\/fr\/wp-json\/wp\/v2\/tags?post=7475"}],"curies":[{"name":"wp","href":"https:\/\/api.w.org\/{rel}","templated":true}]}}