{"id":21018,"date":"2018-10-02T11:51:57","date_gmt":"2018-10-02T11:51:57","guid":{"rendered":"http:\/\/www.macmillaneducation.es\/formacio-professional\/grau-superior\/moduls-transversals\/e-fol\/"},"modified":"2019-06-17T08:39:42","modified_gmt":"2019-06-17T08:39:42","slug":"e-fol","status":"publish","type":"page","link":"https:\/\/www.macmillaneducation.es\/ca\/formacio-professional\/grau-superior\/moduls-transversals\/e-fol\/","title":{"rendered":"E-FOL"},"content":{"rendered":"","protected":false},"excerpt":{"rendered":"","protected":false},"author":2,"featured_media":21019,"parent":20478,"menu_order":1,"comment_status":"closed","ping_status":"closed","template":"product.php","meta":{"_acf_changed":false,"footnotes":""},"tags":[],"class_list":["post-21018","page","type-page","status-publish","has-post-thumbnail","hentry"],"acf":[],"yoast_head":"<!-- This site is optimized with the Yoast SEO plugin v27.2 - https:\/\/yoast.com\/product\/yoast-seo-wordpress\/ -->\n<title>E-FOL - Macmillan<\/title>\n<meta name=\"robots\" content=\"index, follow, max-snippet:-1, max-image-preview:large, max-video-preview:-1\" \/>\n<link rel=\"canonical\" href=\"https:\/\/www.macmillaneducation.es\/ca\/formacio-professional\/grau-superior\/moduls-transversals\/e-fol\/\" \/>\n<meta property=\"og:locale\" content=\"ca_ES\" \/>\n<meta property=\"og:type\" content=\"article\" \/>\n<meta property=\"og:title\" content=\"E-FOL - Macmillan\" \/>\n<meta property=\"og:url\" content=\"https:\/\/www.macmillaneducation.es\/ca\/formacio-professional\/grau-superior\/moduls-transversals\/e-fol\/\" \/>\n<meta property=\"og:site_name\" content=\"Macmillan\" \/>\n<meta property=\"article:publisher\" content=\"https:\/\/www.facebook.com\/MacmillanSpain\" \/>\n<meta property=\"article:modified_time\" content=\"2019-06-17T08:39:42+00:00\" \/>\n<meta property=\"og:image\" content=\"https:\/\/www.macmillaneducation.es\/wp-content\/uploads\/2018\/10\/e-fol_presentacion_banner.jpg\" \/>\n\t<meta property=\"og:image:width\" content=\"770\" \/>\n\t<meta property=\"og:image:height\" content=\"330\" \/>\n\t<meta property=\"og:image:type\" content=\"image\/jpeg\" \/>\n<meta name=\"twitter:card\" content=\"summary_large_image\" \/>\n<script type=\"application\/ld+json\" class=\"yoast-schema-graph\">{\"@context\":\"https:\/\/schema.org\",\"@graph\":[{\"@type\":\"WebPage\",\"@id\":\"https:\/\/www.macmillaneducation.es\/ca\/formacio-professional\/grau-superior\/moduls-transversals\/e-fol\/\",\"url\":\"https:\/\/www.macmillaneducation.es\/ca\/formacio-professional\/grau-superior\/moduls-transversals\/e-fol\/\",\"name\":\"E-FOL - Macmillan\",\"isPartOf\":{\"@id\":\"https:\/\/www.macmillaneducation.es\/ca\/#website\"},\"primaryImageOfPage\":{\"@id\":\"https:\/\/www.macmillaneducation.es\/ca\/formacio-professional\/grau-superior\/moduls-transversals\/e-fol\/#primaryimage\"},\"image\":{\"@id\":\"https:\/\/www.macmillaneducation.es\/ca\/formacio-professional\/grau-superior\/moduls-transversals\/e-fol\/#primaryimage\"},\"thumbnailUrl\":\"https:\/\/www.macmillaneducation.es\/wp-content\/uploads\/2018\/10\/e-fol_presentacion_banner.jpg\",\"datePublished\":\"2018-10-02T11:51:57+00:00\",\"dateModified\":\"2019-06-17T08:39:42+00:00\",\"breadcrumb\":{\"@id\":\"https:\/\/www.macmillaneducation.es\/ca\/formacio-professional\/grau-superior\/moduls-transversals\/e-fol\/#breadcrumb\"},\"inLanguage\":\"ca\",\"potentialAction\":[{\"@type\":\"ReadAction\",\"target\":[\"https:\/\/www.macmillaneducation.es\/ca\/formacio-professional\/grau-superior\/moduls-transversals\/e-fol\/\"]}]},{\"@type\":\"ImageObject\",\"inLanguage\":\"ca\",\"@id\":\"https:\/\/www.macmillaneducation.es\/ca\/formacio-professional\/grau-superior\/moduls-transversals\/e-fol\/#primaryimage\",\"url\":\"https:\/\/www.macmillaneducation.es\/wp-content\/uploads\/2018\/10\/e-fol_presentacion_banner.jpg\",\"contentUrl\":\"https:\/\/www.macmillaneducation.es\/wp-content\/uploads\/2018\/10\/e-fol_presentacion_banner.jpg\",\"width\":770,\"height\":330,\"caption\":\"Imatge amb una br\u00faixola i gr\u00e0fics de l\u00ednies sobre un fons blanc.\"},{\"@type\":\"BreadcrumbList\",\"@id\":\"https:\/\/www.macmillaneducation.es\/ca\/formacio-professional\/grau-superior\/moduls-transversals\/e-fol\/#breadcrumb\",\"itemListElement\":[{\"@type\":\"ListItem\",\"position\":1,\"name\":\"Home\",\"item\":\"https:\/\/www.macmillaneducation.es\/ca\/\"},{\"@type\":\"ListItem\",\"position\":2,\"name\":\"Formaci\u00f3 Professional\",\"item\":\"https:\/\/www.macmillaneducation.es\/ca\/formacio-professional\/\"},{\"@type\":\"ListItem\",\"position\":3,\"name\":\"Grau Superior\",\"item\":\"https:\/\/www.macmillaneducation.es\/ca\/formacio-professional\/grau-superior\/\"},{\"@type\":\"ListItem\",\"position\":4,\"name\":\"M\u00f2duls Transversals\",\"item\":\"https:\/\/www.macmillaneducation.es\/ca\/formacio-professional\/grau-superior\/moduls-transversals\/\"},{\"@type\":\"ListItem\",\"position\":5,\"name\":\"E-FOL\"}]},{\"@type\":\"WebSite\",\"@id\":\"https:\/\/www.macmillaneducation.es\/ca\/#website\",\"url\":\"https:\/\/www.macmillaneducation.es\/ca\/\",\"name\":\"Macmillan\",\"description\":\"Macmillan Education\",\"publisher\":{\"@id\":\"https:\/\/www.macmillaneducation.es\/ca\/#organization\"},\"potentialAction\":[{\"@type\":\"SearchAction\",\"target\":{\"@type\":\"EntryPoint\",\"urlTemplate\":\"https:\/\/www.macmillaneducation.es\/ca\/?s={search_term_string}\"},\"query-input\":{\"@type\":\"PropertyValueSpecification\",\"valueRequired\":true,\"valueName\":\"search_term_string\"}}],\"inLanguage\":\"ca\"},{\"@type\":\"Organization\",\"@id\":\"https:\/\/www.macmillaneducation.es\/ca\/#organization\",\"name\":\"Macmillan Education Iberia\",\"url\":\"https:\/\/www.macmillaneducation.es\/ca\/\",\"logo\":{\"@type\":\"ImageObject\",\"inLanguage\":\"ca\",\"@id\":\"https:\/\/www.macmillaneducation.es\/ca\/#\/schema\/logo\/image\/\",\"url\":\"https:\/\/www.macmillaneducation.es\/wp-content\/uploads\/2026\/02\/Macmillan-Education-Logo.jpg\",\"contentUrl\":\"https:\/\/www.macmillaneducation.es\/wp-content\/uploads\/2026\/02\/Macmillan-Education-Logo.jpg\",\"width\":2560,\"height\":1044,\"caption\":\"Macmillan Education Iberia\"},\"image\":{\"@id\":\"https:\/\/www.macmillaneducation.es\/ca\/#\/schema\/logo\/image\/\"},\"sameAs\":[\"https:\/\/www.facebook.com\/MacmillanSpain\",\"https:\/\/www.instagram.com\/macmillanspain\/\",\"https:\/\/www.linkedin.com\/company\/macmillan-iberia\",\"https:\/\/youtube.com\/@MacmillanSpain\"]}]}<\/script>\n<!-- \/ Yoast SEO plugin. -->","yoast_head_json":{"title":"E-FOL - Macmillan","robots":{"index":"index","follow":"follow","max-snippet":"max-snippet:-1","max-image-preview":"max-image-preview:large","max-video-preview":"max-video-preview:-1"},"canonical":"https:\/\/www.macmillaneducation.es\/ca\/formacio-professional\/grau-superior\/moduls-transversals\/e-fol\/","og_locale":"ca_ES","og_type":"article","og_title":"E-FOL - Macmillan","og_url":"https:\/\/www.macmillaneducation.es\/ca\/formacio-professional\/grau-superior\/moduls-transversals\/e-fol\/","og_site_name":"Macmillan","article_publisher":"https:\/\/www.facebook.com\/MacmillanSpain","article_modified_time":"2019-06-17T08:39:42+00:00","og_image":[{"width":770,"height":330,"url":"https:\/\/www.macmillaneducation.es\/wp-content\/uploads\/2018\/10\/e-fol_presentacion_banner.jpg","type":"image\/jpeg"}],"twitter_card":"summary_large_image","schema":{"@context":"https:\/\/schema.org","@graph":[{"@type":"WebPage","@id":"https:\/\/www.macmillaneducation.es\/ca\/formacio-professional\/grau-superior\/moduls-transversals\/e-fol\/","url":"https:\/\/www.macmillaneducation.es\/ca\/formacio-professional\/grau-superior\/moduls-transversals\/e-fol\/","name":"E-FOL - Macmillan","isPartOf":{"@id":"https:\/\/www.macmillaneducation.es\/ca\/#website"},"primaryImageOfPage":{"@id":"https:\/\/www.macmillaneducation.es\/ca\/formacio-professional\/grau-superior\/moduls-transversals\/e-fol\/#primaryimage"},"image":{"@id":"https:\/\/www.macmillaneducation.es\/ca\/formacio-professional\/grau-superior\/moduls-transversals\/e-fol\/#primaryimage"},"thumbnailUrl":"https:\/\/www.macmillaneducation.es\/wp-content\/uploads\/2018\/10\/e-fol_presentacion_banner.jpg","datePublished":"2018-10-02T11:51:57+00:00","dateModified":"2019-06-17T08:39:42+00:00","breadcrumb":{"@id":"https:\/\/www.macmillaneducation.es\/ca\/formacio-professional\/grau-superior\/moduls-transversals\/e-fol\/#breadcrumb"},"inLanguage":"ca","potentialAction":[{"@type":"ReadAction","target":["https:\/\/www.macmillaneducation.es\/ca\/formacio-professional\/grau-superior\/moduls-transversals\/e-fol\/"]}]},{"@type":"ImageObject","inLanguage":"ca","@id":"https:\/\/www.macmillaneducation.es\/ca\/formacio-professional\/grau-superior\/moduls-transversals\/e-fol\/#primaryimage","url":"https:\/\/www.macmillaneducation.es\/wp-content\/uploads\/2018\/10\/e-fol_presentacion_banner.jpg","contentUrl":"https:\/\/www.macmillaneducation.es\/wp-content\/uploads\/2018\/10\/e-fol_presentacion_banner.jpg","width":770,"height":330,"caption":"Imatge amb una br\u00faixola i gr\u00e0fics de l\u00ednies sobre un fons blanc."},{"@type":"BreadcrumbList","@id":"https:\/\/www.macmillaneducation.es\/ca\/formacio-professional\/grau-superior\/moduls-transversals\/e-fol\/#breadcrumb","itemListElement":[{"@type":"ListItem","position":1,"name":"Home","item":"https:\/\/www.macmillaneducation.es\/ca\/"},{"@type":"ListItem","position":2,"name":"Formaci\u00f3 Professional","item":"https:\/\/www.macmillaneducation.es\/ca\/formacio-professional\/"},{"@type":"ListItem","position":3,"name":"Grau Superior","item":"https:\/\/www.macmillaneducation.es\/ca\/formacio-professional\/grau-superior\/"},{"@type":"ListItem","position":4,"name":"M\u00f2duls Transversals","item":"https:\/\/www.macmillaneducation.es\/ca\/formacio-professional\/grau-superior\/moduls-transversals\/"},{"@type":"ListItem","position":5,"name":"E-FOL"}]},{"@type":"WebSite","@id":"https:\/\/www.macmillaneducation.es\/ca\/#website","url":"https:\/\/www.macmillaneducation.es\/ca\/","name":"Macmillan","description":"Macmillan Education","publisher":{"@id":"https:\/\/www.macmillaneducation.es\/ca\/#organization"},"potentialAction":[{"@type":"SearchAction","target":{"@type":"EntryPoint","urlTemplate":"https:\/\/www.macmillaneducation.es\/ca\/?s={search_term_string}"},"query-input":{"@type":"PropertyValueSpecification","valueRequired":true,"valueName":"search_term_string"}}],"inLanguage":"ca"},{"@type":"Organization","@id":"https:\/\/www.macmillaneducation.es\/ca\/#organization","name":"Macmillan Education Iberia","url":"https:\/\/www.macmillaneducation.es\/ca\/","logo":{"@type":"ImageObject","inLanguage":"ca","@id":"https:\/\/www.macmillaneducation.es\/ca\/#\/schema\/logo\/image\/","url":"https:\/\/www.macmillaneducation.es\/wp-content\/uploads\/2026\/02\/Macmillan-Education-Logo.jpg","contentUrl":"https:\/\/www.macmillaneducation.es\/wp-content\/uploads\/2026\/02\/Macmillan-Education-Logo.jpg","width":2560,"height":1044,"caption":"Macmillan Education Iberia"},"image":{"@id":"https:\/\/www.macmillaneducation.es\/ca\/#\/schema\/logo\/image\/"},"sameAs":["https:\/\/www.facebook.com\/MacmillanSpain","https:\/\/www.instagram.com\/macmillanspain\/","https:\/\/www.linkedin.com\/company\/macmillan-iberia","https:\/\/youtube.com\/@MacmillanSpain"]}]}},"_links":{"self":[{"href":"https:\/\/www.macmillaneducation.es\/ca\/wp-json\/wp\/v2\/pages\/21018","targetHints":{"allow":["GET"]}}],"collection":[{"href":"https:\/\/www.macmillaneducation.es\/ca\/wp-json\/wp\/v2\/pages"}],"about":[{"href":"https:\/\/www.macmillaneducation.es\/ca\/wp-json\/wp\/v2\/types\/page"}],"author":[{"embeddable":true,"href":"https:\/\/www.macmillaneducation.es\/ca\/wp-json\/wp\/v2\/users\/2"}],"replies":[{"embeddable":true,"href":"https:\/\/www.macmillaneducation.es\/ca\/wp-json\/wp\/v2\/comments?post=21018"}],"version-history":[{"count":0,"href":"https:\/\/www.macmillaneducation.es\/ca\/wp-json\/wp\/v2\/pages\/21018\/revisions"}],"up":[{"embeddable":true,"href":"https:\/\/www.macmillaneducation.es\/ca\/wp-json\/wp\/v2\/pages\/20478"}],"wp:featuredmedia":[{"embeddable":true,"href":"https:\/\/www.macmillaneducation.es\/ca\/wp-json\/wp\/v2\/media\/21019"}],"wp:attachment":[{"href":"https:\/\/www.macmillaneducation.es\/ca\/wp-json\/wp\/v2\/media?parent=21018"}],"wp:term":[{"taxonomy":"post_tag","embeddable":true,"href":"https:\/\/www.macmillaneducation.es\/ca\/wp-json\/wp\/v2\/tags?post=21018"}],"curies":[{"name":"wp","href":"https:\/\/api.w.org\/{rel}","templated":true}]}}